{"id":9,"date":"2019-04-09T15:27:06","date_gmt":"2019-04-09T15:27:06","guid":{"rendered":"https:\/\/www.betting.ca\/fr\/?page_id=9"},"modified":"2019-04-09T15:27:06","modified_gmt":"2019-04-09T15:27:06","slug":"paris-en-direct","status":"publish","type":"page","link":"https:\/\/www.betting.ca\/fr\/paris-en-direct","title":{"rendered":"Paris en direct\/en jeu"},"content":{"rendered":"<p><img decoding=\"async\" src=\"https:\/\/www.betting.ca\/wp-content\/uploads\/2013\/09\/best-live-canadian-sports-betting-sites.jpg\" alt=\"Best Live Canadian Sports Betting Sites\" width=\"250\" class=\"alignleft size-full wp-image-756\" \/>Parier en direct consiste \u00e0 placer des paris sur des \u00e9v\u00e9nements sportifs tout en regardant l&rsquo;action de jeu se d\u00e9rouler devant vous. <\/p>\n<p>Un certain nombre de preneurs aux livres en ligne de renom offrent des paris en direct, permettant aux joueurs de regarder les diffusions en direct sur leurs  <a href=\"https:\/\/www.betting.ca\/fr\/10-meilleurs-sites-paris\">sites de paris sportifs en ligne pr\u00e9f\u00e9r\u00e9s<\/a>, absolument gratuitement, tout en pla\u00e7ant des paris sur les parties.<\/p>\n<p>Pour commencer, il vous suffit de cr\u00e9er des comptes aupr\u00e8s de l&rsquo;un des sites de preneurs aux livres. Nous vous recommandons Betting.ca.<\/p>\n<h2 id=\"meilleurs-sites-de-paris-sportifs-en-direct-canadiens\">Meilleurs sites de paris sportifs en direct canadiens<\/h2>\n<div class=\"brand-table\" id=\"ca-sportsbooks\">\n<div class=\"item\">\n<div class=\"rank\">#1<\/div>\n<a class=\"logo\" href=\"https:\/\/www.betting.ca\/fr\/revue\/betway\" style=\"background-color:\">\n<img decoding=\"async\" src=\"https:\/\/www.betting.ca\/images\/reviews\/betway-logo.png\" alt=\"Betway\">\n<\/a>\n<div class=\"info\">\n<div class=\"content\">\n<div class=\"rating\">\n<span class=\"head\">Rating<\/span>\n<ul>\n<li><i class=\"star full\"><\/i><\/li>\n<li><i class=\"star full\"><\/i><\/li>\n<li><i class=\"star full\"><\/i><\/li>\n<li><i class=\"star full\"><\/i><\/li>\n<li><i class=\"star full\"><\/i><\/li>\n<\/ul>\n<span class=\"score\">5<\/span>\n<\/div>\n<div class=\"bonus\">\n<span class=\"head\">Bonus v\u00e9rifi\u00e9<\/span>\n<span class=\"offer\">2000 CAD<i class=\"country-flag ca\"><\/i><\/span>\n<\/div>\n<\/div>\n<div class=\"features\">\n<ul>\n<li class=\"player-accepted\">Autoris\u00e9 au Canada<\/li>\n<\/ul>\n<\/div>\n<\/div>\n<div class=\"buttons\">\n<a href=\"\/go\/betway\" class=\"button cta\">Obtenez un Bonus<\/a>\n<a class=\"desktop-tooltip tooltip-bottom\" href=\"https:\/\/www.betting.ca\/fr\/revue\/betway\">Lire la revue<\/a>\n<\/div>\n<\/div>\n<div class=\"item\">\n<div class=\"rank\">#2<\/div>\n<a class=\"logo\" href=\"https:\/\/www.betting.ca\/fr\/revue\/sports-interaction\" style=\"background-color:\">\n<img decoding=\"async\" src=\"https:\/\/www.betting.ca\/images\/reviews\/sports-interaction-logo.png\" alt=\"Sports Interaction\">\n<\/a>\n<div class=\"info\">\n<div class=\"content\">\n<div class=\"rating\">\n<span class=\"head\">Rating<\/span>\n<ul>\n<li><i class=\"star full\"><\/i><\/li>\n<li><i class=\"star full\"><\/i><\/li>\n<li><i class=\"star full\"><\/i><\/li>\n<li><i class=\"star full\"><\/i><\/li>\n<li><i class=\"star half\"><\/i><\/li>\n<\/ul>\n<span class=\"score\">4.9<\/span>\n<\/div>\n<div class=\"bonus\">\n<span class=\"head\">Bonus v\u00e9rifi\u00e9<\/span>\n<span class=\"offer\">CAD 125<i class=\"country-flag ca\"><\/i><\/span>\n<\/div>\n<\/div>\n<div class=\"features\">\n<ul>\n<li class=\"player-accepted\">Autoris\u00e9 au Canada<\/li>\n<\/ul>\n<\/div>\n<\/div>\n<div class=\"buttons\">\n<a href=\"\/go\/sports-interaction\" class=\"button cta\">Obtenez un Bonus<\/a>\n<a class=\"desktop-tooltip tooltip-bottom\" href=\"https:\/\/www.betting.ca\/fr\/revue\/sports-interaction\">Lire la revue<\/a>\n<\/div>\n<\/div>\n<div class=\"item\">\n<div class=\"rank\">#3<\/div>\n<a class=\"logo\" href=\"https:\/\/www.betting.ca\/fr\/revue\/bet365\" style=\"background-color:\">\n<img decoding=\"async\" src=\"https:\/\/www.betting.ca\/images\/reviews\/bet365-logo.png\" alt=\"Bet365\">\n<\/a>\n<div class=\"info\">\n<div class=\"content\">\n<div class=\"rating\">\n<span class=\"head\">Rating<\/span>\n<ul>\n<li><i class=\"star full\"><\/i><\/li>\n<li><i class=\"star full\"><\/i><\/li>\n<li><i class=\"star full\"><\/i><\/li>\n<li><i class=\"star full\"><\/i><\/li>\n<li><i class=\"star half\"><\/i><\/li>\n<\/ul>\n<span class=\"score\">4.8<\/span>\n<\/div>\n<div class=\"bonus\">\n<span class=\"head\">Bonus v\u00e9rifi\u00e9<\/span>\n<span class=\"offer\">CAD 200<i class=\"country-flag ca\"><\/i><\/span>\n<\/div>\n<\/div>\n<div class=\"features\">\n<ul>\n<li class=\"player-accepted\">Autoris\u00e9 au Canada<\/li>\n<\/ul>\n<\/div>\n<\/div>\n<div class=\"buttons\">\n<a href=\"\/go\/bet365\" class=\"button cta\">Obtenez un Bonus<\/a>\n<a class=\"desktop-tooltip tooltip-bottom\" href=\"https:\/\/www.betting.ca\/fr\/revue\/bet365\">Lire la revue<\/a>\n<\/div>\n<\/div>\n<div class=\"item\">\n<div class=\"rank\">#4<\/div>\n<a class=\"logo\" href=\"https:\/\/www.betting.ca\/fr\/revue\/spin-sports\" style=\"background-color:\">\n<img decoding=\"async\" src=\"https:\/\/www.betting.ca\/images\/reviews\/spin-sports-logo.png\" alt=\"Spin Sports\">\n<\/a>\n<div class=\"info\">\n<div class=\"content\">\n<div class=\"rating\">\n<span class=\"head\">Rating<\/span>\n<ul>\n<li><i class=\"star full\"><\/i><\/li>\n<li><i class=\"star full\"><\/i><\/li>\n<li><i class=\"star full\"><\/i><\/li>\n<li><i class=\"star full\"><\/i><\/li>\n<li><i class=\"star half\"><\/i><\/li>\n<\/ul>\n<span class=\"score\">4.3<\/span>\n<\/div>\n<div class=\"bonus\">\n<span class=\"head\">Bonus v\u00e9rifi\u00e9<\/span>\n<span class=\"offer\">CAD 200<i class=\"country-flag ca\"><\/i><\/span>\n<\/div>\n<\/div>\n<div class=\"features\">\n<ul>\n<li class=\"player-accepted\">Autoris\u00e9 au Canada<\/li>\n<\/ul>\n<\/div>\n<\/div>\n<div class=\"buttons\">\n<a href=\"\/go\/spin-sports\" class=\"button cta\">Obtenez un Bonus<\/a>\n<a class=\"desktop-tooltip tooltip-bottom\" href=\"https:\/\/www.betting.ca\/fr\/revue\/spin-sports\">Lire la revue<\/a>\n<\/div>\n<\/div>\n<div class=\"item\">\n<div class=\"rank\">#5<\/div>\n<a class=\"logo\" href=\"https:\/\/www.betting.ca\/fr\/revue\/bodog\" style=\"background-color:\">\n<img decoding=\"async\" src=\"https:\/\/www.betting.ca\/images\/reviews\/bodog-logo.png\" alt=\"Bodog\">\n<\/a>\n<div class=\"info\">\n<div class=\"content\">\n<div class=\"rating\">\n<span class=\"head\">Rating<\/span>\n<ul>\n<li><i class=\"star full\"><\/i><\/li>\n<li><i class=\"star full\"><\/i><\/li>\n<li><i class=\"star full\"><\/i><\/li>\n<li><i class=\"star full\"><\/i><\/li>\n<li><i class=\"star half\"><\/i><\/li>\n<\/ul>\n<span class=\"score\">4.2<\/span>\n<\/div>\n<div class=\"bonus\">\n<span class=\"head\">Bonus v\u00e9rifi\u00e9<\/span>\n<span class=\"offer\">CAD 200<i class=\"country-flag ca\"><\/i><\/span>\n<\/div>\n<\/div>\n<div class=\"features\">\n<ul>\n<li class=\"player-accepted\">Autoris\u00e9 au Canada<\/li>\n<\/ul>\n<\/div>\n<\/div>\n<div class=\"buttons\">\n<a href=\"\/go\/bodog\" class=\"button cta\">Obtenez un Bonus<\/a>\n<a class=\"desktop-tooltip tooltip-bottom\" href=\"https:\/\/www.betting.ca\/fr\/revue\/bodog\">Lire la revue<\/a>\n<\/div>\n<\/div>\n<div class=\"item\">\n<div class=\"rank\">#6<\/div>\n<a class=\"logo\" href=\"https:\/\/www.betting.ca\/fr\/revue\/betonline\" style=\"background-color:\">\n<img decoding=\"async\" src=\"https:\/\/www.betting.ca\/images\/reviews\/betonline-logo.png\" alt=\"BetOnline\">\n<\/a>\n<div class=\"info\">\n<div class=\"content\">\n<div class=\"rating\">\n<span class=\"head\">Rating<\/span>\n<ul>\n<li><i class=\"star full\"><\/i><\/li>\n<li><i class=\"star full\"><\/i><\/li>\n<li><i class=\"star full\"><\/i><\/li>\n<li><i class=\"star half\"><\/i><\/li>\n<li><i class=\"star empty\"><\/i><\/li>\n<\/ul>\n<span class=\"score\">3.9<\/span>\n<\/div>\n<div class=\"bonus\">\n<span class=\"head\">Bonus v\u00e9rifi\u00e9<\/span>\n<span class=\"offer\">CAD 2500<i class=\"country-flag ca\"><\/i><\/span>\n<\/div>\n<\/div>\n<div class=\"features\">\n<ul>\n<li class=\"player-accepted\">Autoris\u00e9 au Canada<\/li>\n<\/ul>\n<\/div>\n<\/div>\n<div class=\"buttons\">\n<a href=\"\/go\/betonline\" class=\"button cta\">Obtenez un Bonus<\/a>\n<a class=\"desktop-tooltip tooltip-bottom\" href=\"https:\/\/www.betting.ca\/fr\/revue\/betonline\">Lire la revue<\/a>\n<\/div>\n<\/div>\n<\/div>\n<p>Les preneurs aux livres en ligne suivants acceptent non seulement les parieurs canadiens, mais leur permettent \u00e9galement de placer des paris en direct sur leurs \u00e9v\u00e9nements sportifs pr\u00e9f\u00e9r\u00e9s. Ils offrent \u00e9galement des paris gratuits irr\u00e9sistibles et des offres de bonus de bienvenue en dollars canadiens.<\/p>\n<p>Pour vous aider \u00e0 prendre des d\u00e9cisions \u00e9clair\u00e9es chez les preneurs aux livres mentionn\u00e9s plus haut, nous vous offrons les derni\u00e8res nouvelles de paris en direct et d\u2019actualit\u00e9s sportives.<\/p>\n<p>Il y a beaucoup d&rsquo;\u00e9v\u00e9nements sportifs et de rencontres sportives qui sont diffus\u00e9es en direct, et \u00e0 ce titre, vous \u00eates en mesure d&rsquo;\u00e9couter et regarder ces \u00e9v\u00e9nements se d\u00e9rouler droit devant vos yeux. Si vous avez plac\u00e9 un pari sportif, cela signifie souvent que vous finirez par avoir un plus grand int\u00e9r\u00eat dans l&rsquo;\u00e9v\u00e9nement sportif qu&rsquo;un spectateur occasionnel. Vous voudrez que l&rsquo;\u00e9quipe que vous avez s\u00e9lectionn\u00e9e gagne!<\/p>\n<p>Si toutefois vous ne parvenez pas \u00e0 regarder un \u00e9v\u00e9nement sportif devant la t\u00e9l\u00e9vision et que vous ne pouvez pas, pour quelque raison que ce soit, visiter le lieu o\u00f9 l&rsquo;\u00e9v\u00e9nement sportif se d\u00e9roule, vous serez int\u00e9ress\u00e9 d&rsquo;apprendre que plusieurs de nos sites de paris vedettes ci-dessous vous permettront de visiter leurs sites Web respectifs et de regarder les flux vid\u00e9os d&rsquo;un tr\u00e8s grand nombre d&rsquo;\u00e9v\u00e9nements sportifs en direct.<\/p>\n<h2 id=\"ou-pour-parier-pour-les-evenements-sportifs-de-ce-mois-ci\">O\u00f9 pour parier pour les \u00e9v\u00e9nements sportifs de ce mois-ci:<\/h2>\n<p>De plus, lorsque vous \u00eates un membre de ces sites de paris, vous n&rsquo;\u00eates jamais factur\u00e9 pour regarder ou voir ces flux vid\u00e9os gratuits, et bien entendu, cela signifie que vous n&rsquo;aurez jamais \u00e0 manquer le plaisir de placer un premier pari sur le sport concern\u00e9 et regarder cet \u00e9v\u00e9nement sportif jouer!<\/p>\n<div class=\"types-casinos-nav\">\n            \t<h2>Des Sports<\/h2>\n            \t<ul>\n            \t<li><a href=\"https:\/\/www.betting.ca\/fr\/paris-football-americain\"><span class=\"icon football\"><\/span>Football<\/a><\/li>\n            \t<li><a href=\"https:\/\/www.betting.ca\/fr\/paris-basketball\"><span class=\"icon basketball\"><\/span>Basketball<\/a><\/li>\n            \t<li><a href=\"https:\/\/www.betting.ca\/fr\/paris-hockey\"><span class=\"icon icehockey\"><\/span>Ice Hockey<\/a><\/li>\n            \t<li><a href=\"https:\/\/www.betting.ca\/fr\/paris-courses-chevaux\"><span class=\"icon horseracing\"><\/span>Course Chevaux<\/a><\/li>\n            \t<li><a href=\"https:\/\/www.betting.ca\/fr\/paris-baseball\"><span class=\"icon baseball\"><\/span>Baseball<\/a><\/li>\n            \t<li><a href=\"https:\/\/www.betting.ca\/fr\/paris-football\"><span class=\"icon soccer\"><\/span>Soccer<\/a><\/li>\n            \t<li><a href=\"https:\/\/www.betting.ca\/fr\/paris-mma\"><span class=\"icon mmaufc\"><\/span>MMA\/UFC<\/a><\/li>\n            \t<li><a href=\"https:\/\/www.betting.ca\/fr\/paris-tennis\"><span class=\"icon tennis\"><\/span>Tennis<\/a><\/li>\n            \t<li><a href=\"https:\/\/www.betting.ca\/fr\/paris-golf\"><span class=\"icon golf\"><\/span>Golf<\/a><\/li>\n            \t<li><a href=\"https:\/\/www.betting.ca\/fr\/paris-en-jeu\"><span class=\"icon esports\"><\/span>En Jeu<\/a><\/li>\n            \t<\/ul>\n            \t<\/div>\n<h2 id=\"flux-videos-en-direct-de-haute-qualite\"><strong>Flux vid\u00e9os en direct de haute qualit\u00e9<\/strong><\/h2>\nSi vous vous inscrivez \u00e0 un site de paris sportifs en ligne qui offre des services de paris en direct, vous serez agr\u00e9ablement surpris de voir qu&rsquo;ils offrent beaucoup d\u2019\u00e9v\u00e9nements de paris en direct. Vous trouverez toujours un \u00e9v\u00e9nement de paris en direct qui vous int\u00e9resse, peu importe si vous \u00eates un amateur de football, baseball, courses de l\u00e9vriers, hockey sur glace, ou de tout autre sport.<\/p>\n<p>M\u00eame si vous manquez les r\u00e9sultats d&rsquo;un \u00e9v\u00e9nement sportif, il ne vous faut pas d\u00e9sesp\u00e9rer parce que tous les meilleurs sites de paris en direct que nous recommandons offrent d&rsquo;excellents services de r\u00e9sultat, ce qui permet aux joueurs de trouver les r\u00e9sultats de tout \u00e9v\u00e9nement sportif qui vient d&rsquo;\u00eatre conclu.<\/p>\n<h2 id=\"types-de-paris-en-direct\"><strong>Types de paris en direct<\/strong><\/h2>\n<p>Les preneurs aux livres en ligne offrent une vaste gamme d&rsquo;options de paris en direct. Par exemple, les joueurs peuvent placer des paris en direct juste avant le d\u00e9but de la partie ou peu apr\u00e8s son d\u00e9but. Tout ce qu&rsquo;ils ont \u00e0 faire est de cliquer sur l&rsquo;option \u201c<a href=\"https:\/\/fr.wikipedia.org\/wiki\/Pari_sportif\">In Play<\/a>\u201d chez les preneurs aux livres que nous recommandons. Les parieurs peuvent \u00e9galement placer des paris sur les possibilit\u00e9s qu&rsquo;une \u00e9quipe gagne ou perde.<\/p>\n<h2 id=\"meilleurs-evenements-de-paris-en-direct\"><strong>Meilleurs \u00e9v\u00e9nements de paris en direct<\/strong><\/h2>\n<p>Les offres d\u2019\u00e9v\u00e9nements de paris en direct qui sont diffus\u00e9es \u00e0 partir des sites Web de paris ne manquent pas, et \u00e0 ce titre, si vous aimez regarder les matchs de football ou les courses de l\u00e9vriers et de chevaux, alors vous serez combl\u00e9 de ces types d&rsquo;\u00e9v\u00e9nements sur l&rsquo;un ou l\u2019autre de nos sites de paris vedettes.<\/p>\n<p>Vous trouverez \u00e9galement un ensemble complet de services de r\u00e9sultats offerts \u00e0 chacun de nos sites de paris sportifs et, \u00e0 ce titre, vous \u00eates toujours en mesure de trouver rapidement et facilement le r\u00e9sultat de tout \u00e9v\u00e9nement sportif qui est termin\u00e9.<\/p>\n","protected":false},"excerpt":{"rendered":"Parier en direct consiste \u00e0 placer des paris sur des \u00e9v\u00e9nements sportifs tout en regardant l&rsquo;action de jeu se d\u00e9rouler devant vous. Un certain nombre de preneurs aux livres en ligne de renom offrent des paris en direct, permettant aux joueurs de regarder les diffusions en direct sur leurs sites de paris sportifs en ligne [&hellip;]","protected":false},"author":2,"featured_media":0,"parent":0,"menu_order":0,"comment_status":"closed","ping_status":"closed","template":"","meta":{"_acf_changed":false,"footnotes":""},"class_list":["post-9","page","type-page","status-publish","hentry"],"acf":[],"yoast_head":"<!-- This site is optimized with the Yoast SEO plugin v27.3 - https:\/\/yoast.com\/product\/yoast-seo-wordpress\/ -->\n<title>Paris en direct\/en jeu - Meilleurs sites de paris pour parier sur des sports en direct<\/title>\n<meta name=\"description\" content=\"Parier en direct est l&#039;une des fa\u00e7ons les plus passionnantes de parier sur des \u00e9v\u00e9nements sportifs, car elle vous permet de placer des paris sportifs alors que l&#039;action se d\u00e9roule devant vous.\" \/>\n<meta name=\"robots\" content=\"index, follow, max-snippet:-1, max-image-preview:large, max-video-preview:-1\" \/>\n<link rel=\"canonical\" href=\"https:\/\/www.betting.ca\/fr\/paris-en-direct\" \/>\n<meta property=\"og:locale\" content=\"fr_CA\" \/>\n<meta property=\"og:type\" content=\"article\" \/>\n<meta property=\"og:title\" content=\"Paris en direct\/en jeu - Meilleurs sites de paris pour parier sur des sports en direct\" \/>\n<meta property=\"og:description\" content=\"Parier en direct est l&#039;une des fa\u00e7ons les plus passionnantes de parier sur des \u00e9v\u00e9nements sportifs, car elle vous permet de placer des paris sportifs alors que l&#039;action se d\u00e9roule devant vous.\" \/>\n<meta property=\"og:url\" content=\"https:\/\/www.betting.ca\/fr\/paris-en-direct\" \/>\n<meta property=\"og:site_name\" content=\"Betting.ca FR\" \/>\n<meta property=\"og:image\" content=\"https:\/\/www.betting.ca\/images\/reviews\/betonline-logo.png\" \/>\n<meta name=\"twitter:card\" content=\"summary_large_image\" \/>\n<meta name=\"twitter:label1\" content=\"Estimation du temps de lecture\" \/>\n\t<meta name=\"twitter:data1\" content=\"4 minutes\" \/>\n<script type=\"application\/ld+json\" class=\"yoast-schema-graph\">{\"@context\":\"https:\\\/\\\/schema.org\",\"@graph\":[{\"@type\":\"WebPage\",\"@id\":\"https:\\\/\\\/www.betting.ca\\\/fr\\\/paris-en-direct\",\"url\":\"https:\\\/\\\/www.betting.ca\\\/fr\\\/paris-en-direct\",\"name\":\"Paris en direct\\\/en jeu - Meilleurs sites de paris pour parier sur des sports en direct\",\"isPartOf\":{\"@id\":\"https:\\\/\\\/www.betting.ca\\\/fr\\\/#website\"},\"primaryImageOfPage\":{\"@id\":\"https:\\\/\\\/www.betting.ca\\\/fr\\\/paris-en-direct#primaryimage\"},\"image\":{\"@id\":\"https:\\\/\\\/www.betting.ca\\\/fr\\\/paris-en-direct#primaryimage\"},\"thumbnailUrl\":\"https:\\\/\\\/www.betting.ca\\\/wp-content\\\/uploads\\\/2013\\\/09\\\/best-live-canadian-sports-betting-sites.jpg\",\"datePublished\":\"2019-04-09T15:27:06+00:00\",\"description\":\"Parier en direct est l'une des fa\u00e7ons les plus passionnantes de parier sur des \u00e9v\u00e9nements sportifs, car elle vous permet de placer des paris sportifs alors que l'action se d\u00e9roule devant vous.\",\"breadcrumb\":{\"@id\":\"https:\\\/\\\/www.betting.ca\\\/fr\\\/paris-en-direct#breadcrumb\"},\"inLanguage\":\"fr-CA\",\"potentialAction\":[{\"@type\":\"ReadAction\",\"target\":[\"https:\\\/\\\/www.betting.ca\\\/fr\\\/paris-en-direct\"]}]},{\"@type\":\"ImageObject\",\"inLanguage\":\"fr-CA\",\"@id\":\"https:\\\/\\\/www.betting.ca\\\/fr\\\/paris-en-direct#primaryimage\",\"url\":\"https:\\\/\\\/www.betting.ca\\\/images\\\/reviews\\\/betonline-logo.png\",\"contentUrl\":\"https:\\\/\\\/www.betting.ca\\\/images\\\/reviews\\\/betonline-logo.png\"},{\"@type\":\"BreadcrumbList\",\"@id\":\"https:\\\/\\\/www.betting.ca\\\/fr\\\/paris-en-direct#breadcrumb\",\"itemListElement\":[{\"@type\":\"ListItem\",\"position\":1,\"name\":\"Home\",\"item\":\"https:\\\/\\\/www.betting.ca\\\/fr\\\/\"},{\"@type\":\"ListItem\",\"position\":2,\"name\":\"Paris en direct\\\/en jeu\"}]},{\"@type\":\"WebSite\",\"@id\":\"https:\\\/\\\/www.betting.ca\\\/fr\\\/#website\",\"url\":\"https:\\\/\\\/www.betting.ca\\\/fr\\\/\",\"name\":\"Betting.ca FR\",\"description\":\"\",\"potentialAction\":[{\"@type\":\"SearchAction\",\"target\":{\"@type\":\"EntryPoint\",\"urlTemplate\":\"https:\\\/\\\/www.betting.ca\\\/fr\\\/?s={search_term_string}\"},\"query-input\":{\"@type\":\"PropertyValueSpecification\",\"valueRequired\":true,\"valueName\":\"search_term_string\"}}],\"inLanguage\":\"fr-CA\"}]}<\/script>\n<!-- \/ Yoast SEO plugin. -->","yoast_head_json":{"title":"Paris en direct\/en jeu - Meilleurs sites de paris pour parier sur des sports en direct","description":"Parier en direct est l'une des fa\u00e7ons les plus passionnantes de parier sur des \u00e9v\u00e9nements sportifs, car elle vous permet de placer des paris sportifs alors que l'action se d\u00e9roule devant vous.","robots":{"index":"index","follow":"follow","max-snippet":"max-snippet:-1","max-image-preview":"max-image-preview:large","max-video-preview":"max-video-preview:-1"},"canonical":"https:\/\/www.betting.ca\/fr\/paris-en-direct","og_locale":"fr_CA","og_type":"article","og_title":"Paris en direct\/en jeu - Meilleurs sites de paris pour parier sur des sports en direct","og_description":"Parier en direct est l'une des fa\u00e7ons les plus passionnantes de parier sur des \u00e9v\u00e9nements sportifs, car elle vous permet de placer des paris sportifs alors que l'action se d\u00e9roule devant vous.","og_url":"https:\/\/www.betting.ca\/fr\/paris-en-direct","og_site_name":"Betting.ca FR","og_image":[{"url":"https:\/\/www.betting.ca\/images\/reviews\/betonline-logo.png","type":"","width":"","height":""}],"twitter_card":"summary_large_image","twitter_misc":{"Estimation du temps de lecture":"4 minutes"},"schema":{"@context":"https:\/\/schema.org","@graph":[{"@type":"WebPage","@id":"https:\/\/www.betting.ca\/fr\/paris-en-direct","url":"https:\/\/www.betting.ca\/fr\/paris-en-direct","name":"Paris en direct\/en jeu - Meilleurs sites de paris pour parier sur des sports en direct","isPartOf":{"@id":"https:\/\/www.betting.ca\/fr\/#website"},"primaryImageOfPage":{"@id":"https:\/\/www.betting.ca\/fr\/paris-en-direct#primaryimage"},"image":{"@id":"https:\/\/www.betting.ca\/fr\/paris-en-direct#primaryimage"},"thumbnailUrl":"https:\/\/www.betting.ca\/wp-content\/uploads\/2013\/09\/best-live-canadian-sports-betting-sites.jpg","datePublished":"2019-04-09T15:27:06+00:00","description":"Parier en direct est l'une des fa\u00e7ons les plus passionnantes de parier sur des \u00e9v\u00e9nements sportifs, car elle vous permet de placer des paris sportifs alors que l'action se d\u00e9roule devant vous.","breadcrumb":{"@id":"https:\/\/www.betting.ca\/fr\/paris-en-direct#breadcrumb"},"inLanguage":"fr-CA","potentialAction":[{"@type":"ReadAction","target":["https:\/\/www.betting.ca\/fr\/paris-en-direct"]}]},{"@type":"ImageObject","inLanguage":"fr-CA","@id":"https:\/\/www.betting.ca\/fr\/paris-en-direct#primaryimage","url":"https:\/\/www.betting.ca\/images\/reviews\/betonline-logo.png","contentUrl":"https:\/\/www.betting.ca\/images\/reviews\/betonline-logo.png"},{"@type":"BreadcrumbList","@id":"https:\/\/www.betting.ca\/fr\/paris-en-direct#breadcrumb","itemListElement":[{"@type":"ListItem","position":1,"name":"Home","item":"https:\/\/www.betting.ca\/fr\/"},{"@type":"ListItem","position":2,"name":"Paris en direct\/en jeu"}]},{"@type":"WebSite","@id":"https:\/\/www.betting.ca\/fr\/#website","url":"https:\/\/www.betting.ca\/fr\/","name":"Betting.ca FR","description":"","potentialAction":[{"@type":"SearchAction","target":{"@type":"EntryPoint","urlTemplate":"https:\/\/www.betting.ca\/fr\/?s={search_term_string}"},"query-input":{"@type":"PropertyValueSpecification","valueRequired":true,"valueName":"search_term_string"}}],"inLanguage":"fr-CA"}]}},"_links":{"self":[{"href":"https:\/\/www.betting.ca\/fr\/wp-json\/wp\/v2\/pages\/9","targetHints":{"allow":["GET"]}}],"collection":[{"href":"https:\/\/www.betting.ca\/fr\/wp-json\/wp\/v2\/pages"}],"about":[{"href":"https:\/\/www.betting.ca\/fr\/wp-json\/wp\/v2\/types\/page"}],"author":[{"embeddable":true,"href":"https:\/\/www.betting.ca\/fr\/wp-json\/wp\/v2\/users\/2"}],"replies":[{"embeddable":true,"href":"https:\/\/www.betting.ca\/fr\/wp-json\/wp\/v2\/comments?post=9"}],"version-history":[{"count":0,"href":"https:\/\/www.betting.ca\/fr\/wp-json\/wp\/v2\/pages\/9\/revisions"}],"wp:attachment":[{"href":"https:\/\/www.betting.ca\/fr\/wp-json\/wp\/v2\/media?parent=9"}],"curies":[{"name":"wp","href":"https:\/\/api.w.org\/{rel}","templated":true}]}}