{"id":72,"date":"2019-05-14T17:59:56","date_gmt":"2019-05-14T17:59:56","guid":{"rendered":"https:\/\/www.betting.ca\/fr\/?page_id=72"},"modified":"2019-05-14T17:59:56","modified_gmt":"2019-05-14T17:59:56","slug":"sites-paris-bitcoin","status":"publish","type":"page","link":"https:\/\/www.betting.ca\/fr\/options-depots-paris\/sites-paris-bitcoin","title":{"rendered":"sites paris bitcoin"},"content":{"rendered":"<p><img decoding=\"async\" src=\"https:\/\/www.betting.ca\/wp-content\/uploads\/2013\/09\/bitcoin.jpg\" alt=\"sites paris bitcoin\" width=\"300\" class=\"alignright size-full wp-image-760\" \/>Il y a eu une ru\u00e9e folle de gens qui ont souscrit au service Bitcoin. Si vous \u00eates assis l\u00e0, ne sachant pas ce qu\u2019est le bitcoin, il s&rsquo;agit tout simplement d&rsquo;un type de nouvelle devise num\u00e9rique, qui, contrairement \u00e0 toutes les autres, n&rsquo;est pas soutenue par un gouvernement ni endoss\u00e9e par tout type d\u2019actif tel que l\u2019or ou l\u2019argent! <\/p>\n<p>Alors que de nombreuses personnes ont de la difficult\u00e9 \u00e0 comprendre comment on peut commencer \u00e0  <a href=\"http:\/\/bitcoin.org\/fr\/\">utiliser une monnaie virtuelle comme le bitcoin<\/a> il pr\u00e9sente certains avantages majeurs, tels que vous ne serez jamais pris en otage par un gouvernement quant \u00e0 la fa\u00e7on dont vous pouvez d\u00e9penser vos Bitcoins, ni ne subirez les fluctuations des taux d\u2019int\u00e9r\u00eat pouvant entra\u00eener la d\u00e9pr\u00e9ciation d\u2019une monnaie.<\/p>\n<p>Le service Bitcoin est comme un portefeuille Web en ligne. Toutefois, pour \u00e9changer vos Bitcoins en devises fortes, vous devrez les \u00e9changer sur un <a href=\"https:\/\/www.xe.com\/fr\/currency\/xbt-bitcoin\"><strong>march\u00e9 Bitcoin<\/strong><\/a>, qui existe en grand nombre en ligne.<\/p>\n<h2 id=\"sites-de-paris-sportifs-canadiens-recommandes-pour-les-bitcoins\">Sites de paris sportifs canadiens recommand\u00e9s pour les Bitcoins<\/h2>\n<p>Vous trouverez ci-dessous une liste de sites de paris proposant une gamme d&rsquo;offres de bonus sp\u00e9ciaux et de paris gratuits. Pour le moment, aucun d&rsquo;entre eux n&rsquo;accepte les Bitcoins. Toutefois, si cela devait changer, nous vous tiendrons bien \u00e9videmment au courant!<\/p>\n<div class=\"brand-table\" id=\"ca-sportsbooks\">\n<div class=\"item\">\n<div class=\"rank\">#1<\/div>\n<a class=\"logo\" href=\"https:\/\/www.betting.ca\/fr\/revue\/betway\" style=\"background-color:\">\n<img decoding=\"async\" src=\"https:\/\/www.betting.ca\/images\/reviews\/betway-logo.png\" alt=\"Betway\">\n<\/a>\n<div class=\"info\">\n<div class=\"content\">\n<div class=\"rating\">\n<span class=\"head\">Rating<\/span>\n<ul>\n<li><i class=\"star full\"><\/i><\/li>\n<li><i class=\"star full\"><\/i><\/li>\n<li><i class=\"star full\"><\/i><\/li>\n<li><i class=\"star full\"><\/i><\/li>\n<li><i class=\"star full\"><\/i><\/li>\n<\/ul>\n<span class=\"score\">5<\/span>\n<\/div>\n<div class=\"bonus\">\n<span class=\"head\">Bonus v\u00e9rifi\u00e9<\/span>\n<span class=\"offer\">2000 CAD<i class=\"country-flag ca\"><\/i><\/span>\n<\/div>\n<\/div>\n<div class=\"features\">\n<ul>\n<li class=\"player-accepted\">Autoris\u00e9 au Canada<\/li>\n<\/ul>\n<\/div>\n<\/div>\n<div class=\"buttons\">\n<a href=\"\/go\/betway\" class=\"button cta\">Obtenez un Bonus<\/a>\n<a class=\"desktop-tooltip tooltip-bottom\" href=\"https:\/\/www.betting.ca\/fr\/revue\/betway\">Lire la revue<\/a>\n<\/div>\n<\/div>\n<div class=\"item\">\n<div class=\"rank\">#2<\/div>\n<a class=\"logo\" href=\"https:\/\/www.betting.ca\/fr\/revue\/sports-interaction\" style=\"background-color:\">\n<img decoding=\"async\" src=\"https:\/\/www.betting.ca\/images\/reviews\/sports-interaction-logo.png\" alt=\"Sports Interaction\">\n<\/a>\n<div class=\"info\">\n<div class=\"content\">\n<div class=\"rating\">\n<span class=\"head\">Rating<\/span>\n<ul>\n<li><i class=\"star full\"><\/i><\/li>\n<li><i class=\"star full\"><\/i><\/li>\n<li><i class=\"star full\"><\/i><\/li>\n<li><i class=\"star full\"><\/i><\/li>\n<li><i class=\"star half\"><\/i><\/li>\n<\/ul>\n<span class=\"score\">4.9<\/span>\n<\/div>\n<div class=\"bonus\">\n<span class=\"head\">Bonus v\u00e9rifi\u00e9<\/span>\n<span class=\"offer\">CAD 125<i class=\"country-flag ca\"><\/i><\/span>\n<\/div>\n<\/div>\n<div class=\"features\">\n<ul>\n<li class=\"player-accepted\">Autoris\u00e9 au Canada<\/li>\n<\/ul>\n<\/div>\n<\/div>\n<div class=\"buttons\">\n<a href=\"\/go\/sports-interaction\" class=\"button cta\">Obtenez un Bonus<\/a>\n<a class=\"desktop-tooltip tooltip-bottom\" href=\"https:\/\/www.betting.ca\/fr\/revue\/sports-interaction\">Lire la revue<\/a>\n<\/div>\n<\/div>\n<div class=\"item\">\n<div class=\"rank\">#3<\/div>\n<a class=\"logo\" href=\"https:\/\/www.betting.ca\/fr\/revue\/bet365\" style=\"background-color:\">\n<img decoding=\"async\" src=\"https:\/\/www.betting.ca\/images\/reviews\/bet365-logo.png\" alt=\"Bet365\">\n<\/a>\n<div class=\"info\">\n<div class=\"content\">\n<div class=\"rating\">\n<span class=\"head\">Rating<\/span>\n<ul>\n<li><i class=\"star full\"><\/i><\/li>\n<li><i class=\"star full\"><\/i><\/li>\n<li><i class=\"star full\"><\/i><\/li>\n<li><i class=\"star full\"><\/i><\/li>\n<li><i class=\"star half\"><\/i><\/li>\n<\/ul>\n<span class=\"score\">4.8<\/span>\n<\/div>\n<div class=\"bonus\">\n<span class=\"head\">Bonus v\u00e9rifi\u00e9<\/span>\n<span class=\"offer\">CAD 200<i class=\"country-flag ca\"><\/i><\/span>\n<\/div>\n<\/div>\n<div class=\"features\">\n<ul>\n<li class=\"player-accepted\">Autoris\u00e9 au Canada<\/li>\n<\/ul>\n<\/div>\n<\/div>\n<div class=\"buttons\">\n<a href=\"\/go\/bet365\" class=\"button cta\">Obtenez un Bonus<\/a>\n<a class=\"desktop-tooltip tooltip-bottom\" href=\"https:\/\/www.betting.ca\/fr\/revue\/bet365\">Lire la revue<\/a>\n<\/div>\n<\/div>\n<div class=\"item\">\n<div class=\"rank\">#4<\/div>\n<a class=\"logo\" href=\"https:\/\/www.betting.ca\/fr\/revue\/spin-sports\" style=\"background-color:\">\n<img decoding=\"async\" src=\"https:\/\/www.betting.ca\/images\/reviews\/spin-sports-logo.png\" alt=\"Spin Sports\">\n<\/a>\n<div class=\"info\">\n<div class=\"content\">\n<div class=\"rating\">\n<span class=\"head\">Rating<\/span>\n<ul>\n<li><i class=\"star full\"><\/i><\/li>\n<li><i class=\"star full\"><\/i><\/li>\n<li><i class=\"star full\"><\/i><\/li>\n<li><i class=\"star full\"><\/i><\/li>\n<li><i class=\"star half\"><\/i><\/li>\n<\/ul>\n<span class=\"score\">4.3<\/span>\n<\/div>\n<div class=\"bonus\">\n<span class=\"head\">Bonus v\u00e9rifi\u00e9<\/span>\n<span class=\"offer\">CAD 200<i class=\"country-flag ca\"><\/i><\/span>\n<\/div>\n<\/div>\n<div class=\"features\">\n<ul>\n<li class=\"player-accepted\">Autoris\u00e9 au Canada<\/li>\n<\/ul>\n<\/div>\n<\/div>\n<div class=\"buttons\">\n<a href=\"\/go\/spin-sports\" class=\"button cta\">Obtenez un Bonus<\/a>\n<a class=\"desktop-tooltip tooltip-bottom\" href=\"https:\/\/www.betting.ca\/fr\/revue\/spin-sports\">Lire la revue<\/a>\n<\/div>\n<\/div>\n<div class=\"item\">\n<div class=\"rank\">#5<\/div>\n<a class=\"logo\" href=\"https:\/\/www.betting.ca\/fr\/revue\/bodog\" style=\"background-color:\">\n<img decoding=\"async\" src=\"https:\/\/www.betting.ca\/images\/reviews\/bodog-logo.png\" alt=\"Bodog\">\n<\/a>\n<div class=\"info\">\n<div class=\"content\">\n<div class=\"rating\">\n<span class=\"head\">Rating<\/span>\n<ul>\n<li><i class=\"star full\"><\/i><\/li>\n<li><i class=\"star full\"><\/i><\/li>\n<li><i class=\"star full\"><\/i><\/li>\n<li><i class=\"star full\"><\/i><\/li>\n<li><i class=\"star half\"><\/i><\/li>\n<\/ul>\n<span class=\"score\">4.2<\/span>\n<\/div>\n<div class=\"bonus\">\n<span class=\"head\">Bonus v\u00e9rifi\u00e9<\/span>\n<span class=\"offer\">CAD 200<i class=\"country-flag ca\"><\/i><\/span>\n<\/div>\n<\/div>\n<div class=\"features\">\n<ul>\n<li class=\"player-accepted\">Autoris\u00e9 au Canada<\/li>\n<\/ul>\n<\/div>\n<\/div>\n<div class=\"buttons\">\n<a href=\"\/go\/bodog\" class=\"button cta\">Obtenez un Bonus<\/a>\n<a class=\"desktop-tooltip tooltip-bottom\" href=\"https:\/\/www.betting.ca\/fr\/revue\/bodog\">Lire la revue<\/a>\n<\/div>\n<\/div>\n<div class=\"item\">\n<div class=\"rank\">#6<\/div>\n<a class=\"logo\" href=\"https:\/\/www.betting.ca\/fr\/revue\/betonline\" style=\"background-color:\">\n<img decoding=\"async\" src=\"https:\/\/www.betting.ca\/images\/reviews\/betonline-logo.png\" alt=\"BetOnline\">\n<\/a>\n<div class=\"info\">\n<div class=\"content\">\n<div class=\"rating\">\n<span class=\"head\">Rating<\/span>\n<ul>\n<li><i class=\"star full\"><\/i><\/li>\n<li><i class=\"star full\"><\/i><\/li>\n<li><i class=\"star full\"><\/i><\/li>\n<li><i class=\"star half\"><\/i><\/li>\n<li><i class=\"star empty\"><\/i><\/li>\n<\/ul>\n<span class=\"score\">3.9<\/span>\n<\/div>\n<div class=\"bonus\">\n<span class=\"head\">Bonus v\u00e9rifi\u00e9<\/span>\n<span class=\"offer\">CAD 2500<i class=\"country-flag ca\"><\/i><\/span>\n<\/div>\n<\/div>\n<div class=\"features\">\n<ul>\n<li class=\"player-accepted\">Autoris\u00e9 au Canada<\/li>\n<\/ul>\n<\/div>\n<\/div>\n<div class=\"buttons\">\n<a href=\"\/go\/betonline\" class=\"button cta\">Obtenez un Bonus<\/a>\n<a class=\"desktop-tooltip tooltip-bottom\" href=\"https:\/\/www.betting.ca\/fr\/revue\/betonline\">Lire la revue<\/a>\n<\/div>\n<\/div>\n<\/div>\n<div class=\"types-mobile-nav\">\n            \t<h2><\/h2>\n            \t<ul>\n            \t<li><a href=\"https:\/\/www.betting.ca\/fr\/options-depots-paris\/sites-paris-paypal\"><span class=\"deposit paypal\"><\/span>Paypal<\/a><\/li>\n            \t<li><a href=\"https:\/\/www.betting.ca\/fr\/options-depots-paris\/sites-paris-cartes-credit\"><span class=\"deposit credit\"><\/span>Carte de cr&eacute;dit<\/a><\/li>\n            \t<li><a href=\"https:\/\/www.betting.ca\/fr\/options-depots-paris\/sites-paris-neteller\"><span class=\"deposit neteller\"><\/span>Neteller<\/a><\/li>\n            \t<li><a href=\"https:\/\/www.betting.ca\/fr\/options-depots-paris\/sites-paris-bitcoin\"><span class=\"deposit bitcoin\"><\/span>Bitcoin<\/a><\/li>\n            \t<\/ul>\n            \t<\/div>\n<p>Le syst\u00e8me Bitcoin est hautement s\u00e9curis\u00e9 et poss\u00e8de une gamme de fonctionnalit\u00e9s de s\u00e9curit\u00e9 qui en fait l\u2019un des types de services de portefeuille en ligne les plus s\u00fbrs que vous puissiez utiliser. Malheureusement, pour le moment, peu de sites de paris acceptent les Bitcoins!<\/p>\n","protected":false},"excerpt":{"rendered":"Il y a eu une ru\u00e9e folle de gens qui ont souscrit au service Bitcoin. Si vous \u00eates assis l\u00e0, ne sachant pas ce qu\u2019est le bitcoin, il s&rsquo;agit tout simplement d&rsquo;un type de nouvelle devise num\u00e9rique, qui, contrairement \u00e0 toutes les autres, n&rsquo;est pas soutenue par un gouvernement ni endoss\u00e9e par tout type d\u2019actif [&hellip;]","protected":false},"author":2,"featured_media":0,"parent":14,"menu_order":0,"comment_status":"closed","ping_status":"closed","template":"","meta":{"_acf_changed":false,"footnotes":""},"class_list":["post-72","page","type-page","status-publish","hentry"],"acf":[],"yoast_head":"<!-- This site is optimized with the Yoast SEO plugin v27.3 - https:\/\/yoast.com\/product\/yoast-seo-wordpress\/ -->\n<title>Sites de paris qui acceptent les retraits et d\u00e9p\u00f4ts en Bitcoin<\/title>\n<meta name=\"description\" content=\"Si vous vous demandez ce que sont les Bitcoins et comment ils fonctionnent, alors venez d\u00e9couvrir le Guide pour les paris Bitcoin sur les sites de Betting.ca\" \/>\n<meta name=\"robots\" content=\"index, follow, max-snippet:-1, max-image-preview:large, max-video-preview:-1\" \/>\n<link rel=\"canonical\" href=\"https:\/\/www.betting.ca\/fr\/options-depots-paris\/sites-paris-bitcoin\" \/>\n<meta property=\"og:locale\" content=\"fr_CA\" \/>\n<meta property=\"og:type\" content=\"article\" \/>\n<meta property=\"og:title\" content=\"Sites de paris qui acceptent les retraits et d\u00e9p\u00f4ts en Bitcoin\" \/>\n<meta property=\"og:description\" content=\"Si vous vous demandez ce que sont les Bitcoins et comment ils fonctionnent, alors venez d\u00e9couvrir le Guide pour les paris Bitcoin sur les sites de Betting.ca\" \/>\n<meta property=\"og:url\" content=\"https:\/\/www.betting.ca\/fr\/options-depots-paris\/sites-paris-bitcoin\" \/>\n<meta property=\"og:site_name\" content=\"Betting.ca FR\" \/>\n<meta property=\"og:image\" content=\"https:\/\/www.betting.ca\/images\/reviews\/betonline-logo.png\" \/>\n<meta name=\"twitter:card\" content=\"summary_large_image\" \/>\n<meta name=\"twitter:label1\" content=\"Estimation du temps de lecture\" \/>\n\t<meta name=\"twitter:data1\" content=\"1 minute\" \/>\n<script type=\"application\/ld+json\" class=\"yoast-schema-graph\">{\"@context\":\"https:\\\/\\\/schema.org\",\"@graph\":[{\"@type\":\"WebPage\",\"@id\":\"https:\\\/\\\/www.betting.ca\\\/fr\\\/options-depots-paris\\\/sites-paris-bitcoin\",\"url\":\"https:\\\/\\\/www.betting.ca\\\/fr\\\/options-depots-paris\\\/sites-paris-bitcoin\",\"name\":\"Sites de paris qui acceptent les retraits et d\u00e9p\u00f4ts en Bitcoin\",\"isPartOf\":{\"@id\":\"https:\\\/\\\/www.betting.ca\\\/fr\\\/#website\"},\"primaryImageOfPage\":{\"@id\":\"https:\\\/\\\/www.betting.ca\\\/fr\\\/options-depots-paris\\\/sites-paris-bitcoin#primaryimage\"},\"image\":{\"@id\":\"https:\\\/\\\/www.betting.ca\\\/fr\\\/options-depots-paris\\\/sites-paris-bitcoin#primaryimage\"},\"thumbnailUrl\":\"https:\\\/\\\/www.betting.ca\\\/wp-content\\\/uploads\\\/2013\\\/09\\\/bitcoin.jpg\",\"datePublished\":\"2019-05-14T17:59:56+00:00\",\"description\":\"Si vous vous demandez ce que sont les Bitcoins et comment ils fonctionnent, alors venez d\u00e9couvrir le Guide pour les paris Bitcoin sur les sites de Betting.ca\",\"breadcrumb\":{\"@id\":\"https:\\\/\\\/www.betting.ca\\\/fr\\\/options-depots-paris\\\/sites-paris-bitcoin#breadcrumb\"},\"inLanguage\":\"fr-CA\",\"potentialAction\":[{\"@type\":\"ReadAction\",\"target\":[\"https:\\\/\\\/www.betting.ca\\\/fr\\\/options-depots-paris\\\/sites-paris-bitcoin\"]}]},{\"@type\":\"ImageObject\",\"inLanguage\":\"fr-CA\",\"@id\":\"https:\\\/\\\/www.betting.ca\\\/fr\\\/options-depots-paris\\\/sites-paris-bitcoin#primaryimage\",\"url\":\"https:\\\/\\\/www.betting.ca\\\/images\\\/reviews\\\/betonline-logo.png\",\"contentUrl\":\"https:\\\/\\\/www.betting.ca\\\/images\\\/reviews\\\/betonline-logo.png\"},{\"@type\":\"BreadcrumbList\",\"@id\":\"https:\\\/\\\/www.betting.ca\\\/fr\\\/options-depots-paris\\\/sites-paris-bitcoin#breadcrumb\",\"itemListElement\":[{\"@type\":\"ListItem\",\"position\":1,\"name\":\"Home\",\"item\":\"https:\\\/\\\/www.betting.ca\\\/fr\\\/\"},{\"@type\":\"ListItem\",\"position\":2,\"name\":\"Choix d&rsquo;options de d\u00e9p\u00f4t de paris pour le Canada\",\"item\":\"https:\\\/\\\/www.betting.ca\\\/fr\\\/options-depots-paris\"},{\"@type\":\"ListItem\",\"position\":3,\"name\":\"sites paris bitcoin\"}]},{\"@type\":\"WebSite\",\"@id\":\"https:\\\/\\\/www.betting.ca\\\/fr\\\/#website\",\"url\":\"https:\\\/\\\/www.betting.ca\\\/fr\\\/\",\"name\":\"Betting.ca FR\",\"description\":\"\",\"potentialAction\":[{\"@type\":\"SearchAction\",\"target\":{\"@type\":\"EntryPoint\",\"urlTemplate\":\"https:\\\/\\\/www.betting.ca\\\/fr\\\/?s={search_term_string}\"},\"query-input\":{\"@type\":\"PropertyValueSpecification\",\"valueRequired\":true,\"valueName\":\"search_term_string\"}}],\"inLanguage\":\"fr-CA\"}]}<\/script>\n<!-- \/ Yoast SEO plugin. -->","yoast_head_json":{"title":"Sites de paris qui acceptent les retraits et d\u00e9p\u00f4ts en Bitcoin","description":"Si vous vous demandez ce que sont les Bitcoins et comment ils fonctionnent, alors venez d\u00e9couvrir le Guide pour les paris Bitcoin sur les sites de Betting.ca","robots":{"index":"index","follow":"follow","max-snippet":"max-snippet:-1","max-image-preview":"max-image-preview:large","max-video-preview":"max-video-preview:-1"},"canonical":"https:\/\/www.betting.ca\/fr\/options-depots-paris\/sites-paris-bitcoin","og_locale":"fr_CA","og_type":"article","og_title":"Sites de paris qui acceptent les retraits et d\u00e9p\u00f4ts en Bitcoin","og_description":"Si vous vous demandez ce que sont les Bitcoins et comment ils fonctionnent, alors venez d\u00e9couvrir le Guide pour les paris Bitcoin sur les sites de Betting.ca","og_url":"https:\/\/www.betting.ca\/fr\/options-depots-paris\/sites-paris-bitcoin","og_site_name":"Betting.ca FR","og_image":[{"url":"https:\/\/www.betting.ca\/images\/reviews\/betonline-logo.png","type":"","width":"","height":""}],"twitter_card":"summary_large_image","twitter_misc":{"Estimation du temps de lecture":"1 minute"},"schema":{"@context":"https:\/\/schema.org","@graph":[{"@type":"WebPage","@id":"https:\/\/www.betting.ca\/fr\/options-depots-paris\/sites-paris-bitcoin","url":"https:\/\/www.betting.ca\/fr\/options-depots-paris\/sites-paris-bitcoin","name":"Sites de paris qui acceptent les retraits et d\u00e9p\u00f4ts en Bitcoin","isPartOf":{"@id":"https:\/\/www.betting.ca\/fr\/#website"},"primaryImageOfPage":{"@id":"https:\/\/www.betting.ca\/fr\/options-depots-paris\/sites-paris-bitcoin#primaryimage"},"image":{"@id":"https:\/\/www.betting.ca\/fr\/options-depots-paris\/sites-paris-bitcoin#primaryimage"},"thumbnailUrl":"https:\/\/www.betting.ca\/wp-content\/uploads\/2013\/09\/bitcoin.jpg","datePublished":"2019-05-14T17:59:56+00:00","description":"Si vous vous demandez ce que sont les Bitcoins et comment ils fonctionnent, alors venez d\u00e9couvrir le Guide pour les paris Bitcoin sur les sites de Betting.ca","breadcrumb":{"@id":"https:\/\/www.betting.ca\/fr\/options-depots-paris\/sites-paris-bitcoin#breadcrumb"},"inLanguage":"fr-CA","potentialAction":[{"@type":"ReadAction","target":["https:\/\/www.betting.ca\/fr\/options-depots-paris\/sites-paris-bitcoin"]}]},{"@type":"ImageObject","inLanguage":"fr-CA","@id":"https:\/\/www.betting.ca\/fr\/options-depots-paris\/sites-paris-bitcoin#primaryimage","url":"https:\/\/www.betting.ca\/images\/reviews\/betonline-logo.png","contentUrl":"https:\/\/www.betting.ca\/images\/reviews\/betonline-logo.png"},{"@type":"BreadcrumbList","@id":"https:\/\/www.betting.ca\/fr\/options-depots-paris\/sites-paris-bitcoin#breadcrumb","itemListElement":[{"@type":"ListItem","position":1,"name":"Home","item":"https:\/\/www.betting.ca\/fr\/"},{"@type":"ListItem","position":2,"name":"Choix d&rsquo;options de d\u00e9p\u00f4t de paris pour le Canada","item":"https:\/\/www.betting.ca\/fr\/options-depots-paris"},{"@type":"ListItem","position":3,"name":"sites paris bitcoin"}]},{"@type":"WebSite","@id":"https:\/\/www.betting.ca\/fr\/#website","url":"https:\/\/www.betting.ca\/fr\/","name":"Betting.ca FR","description":"","potentialAction":[{"@type":"SearchAction","target":{"@type":"EntryPoint","urlTemplate":"https:\/\/www.betting.ca\/fr\/?s={search_term_string}"},"query-input":{"@type":"PropertyValueSpecification","valueRequired":true,"valueName":"search_term_string"}}],"inLanguage":"fr-CA"}]}},"_links":{"self":[{"href":"https:\/\/www.betting.ca\/fr\/wp-json\/wp\/v2\/pages\/72","targetHints":{"allow":["GET"]}}],"collection":[{"href":"https:\/\/www.betting.ca\/fr\/wp-json\/wp\/v2\/pages"}],"about":[{"href":"https:\/\/www.betting.ca\/fr\/wp-json\/wp\/v2\/types\/page"}],"author":[{"embeddable":true,"href":"https:\/\/www.betting.ca\/fr\/wp-json\/wp\/v2\/users\/2"}],"replies":[{"embeddable":true,"href":"https:\/\/www.betting.ca\/fr\/wp-json\/wp\/v2\/comments?post=72"}],"version-history":[{"count":0,"href":"https:\/\/www.betting.ca\/fr\/wp-json\/wp\/v2\/pages\/72\/revisions"}],"up":[{"embeddable":true,"href":"https:\/\/www.betting.ca\/fr\/wp-json\/wp\/v2\/pages\/14"}],"wp:attachment":[{"href":"https:\/\/www.betting.ca\/fr\/wp-json\/wp\/v2\/media?parent=72"}],"curies":[{"name":"wp","href":"https:\/\/api.w.org\/{rel}","templated":true}]}}