{"id":67,"date":"2019-05-14T16:44:33","date_gmt":"2019-05-14T16:44:33","guid":{"rendered":"https:\/\/www.betting.ca\/fr\/?page_id=67"},"modified":"2019-05-14T16:44:33","modified_gmt":"2019-05-14T16:44:33","slug":"pari-blackberry","status":"publish","type":"page","link":"https:\/\/www.betting.ca\/fr\/pari-mobile\/pari-blackberry","title":{"rendered":"Pari Blackberry"},"content":{"rendered":"<p><img decoding=\"async\" src=\"https:\/\/www.betting.ca\/wp-content\/uploads\/2013\/08\/canadian-blackberry-sportsbooks.jpg\" alt=\"Meilleurs paris sportifs canadiens sur Blackberry\" width=\"300\" class=\"alignright size-full wp-image-765\" \/>Lorsque les gens recherchent des appareils mobiles pour faire des paris, alors chacun aura ses propres favoris personnels, et en ce qui concerne les appareils BlackBerry, ces t\u00e9l\u00e9phones mobiles sont tr\u00e8s populaires et sont consid\u00e9r\u00e9s comme l&rsquo;un des principaux moyens de communication. Cependant, il y a plusieurs autres choses qui peuvent \u00eatre faites avec un terminal BlackBerry, et l&rsquo;un d&rsquo;eux est de l&rsquo;utiliser pour avoir acc\u00e8s aux sites de paris sportifs mobiles.<\/p>\n<p>Si vous n\u2019aimez rien de mieux que de tester votre talent et votre jugement, en seulement quelques minutes vous pouvez avoir acc\u00e8s \u00e0 une vari\u00e9t\u00e9 de preneurs aux livres mobiles tr\u00e8s bien cot\u00e9s, et nous en avons choisi une gamme, tous \u00e9num\u00e9r\u00e9s ci-dessous, qui n&rsquo;offrent pas seulement des paris sportifs enti\u00e8rement compatibles avec les plates-formes BlackBerry, mais \u00e9galement offrir de g\u00e9n\u00e9reux bonus et promotions de paris gratuits avec les cotes les plus g\u00e9n\u00e9reuses au monde.<\/p>\n<h2 id=\"sites-de-paris-sportifs-canadiens-recommandes-pour-les-appareils-blackberry\">Sites de paris sportifs canadiens recommand\u00e9s pour les appareils BlackBerry<\/h2>\n<p>Nous vous invitons \u00e0 regarder l&rsquo;un de nos sites de paris mobiles conviviaux qui sont \u00e9num\u00e9r\u00e9s ci-dessous pour vous. Chacun d&rsquo;entre eux a \u00e9t\u00e9 choisi par nous et en tant que tels, nous pouvons garantir personnellement qu&rsquo;ils vont tous vous satisfaire et qu\u2019ils d\u00e9passeront toutes vos attentes, et lors de l&rsquo;acc\u00e8s \u00e0 l&rsquo;un d&rsquo;entre eux sur un terminal BlackBerry, vous trouverez que leurs plates-formes de paris sont un jeu d&rsquo;enfant \u00e0 utiliser.<\/p>\n<div class=\"brand-table\" id=\"ca-sportsbooks\">\n<div class=\"item\">\n<div class=\"rank\">#1<\/div>\n<a class=\"logo\" href=\"https:\/\/www.betting.ca\/fr\/revue\/betway\" style=\"background-color:\">\n<img decoding=\"async\" src=\"https:\/\/www.betting.ca\/images\/reviews\/betway-logo.png\" alt=\"Betway\">\n<\/a>\n<div class=\"info\">\n<div class=\"content\">\n<div class=\"rating\">\n<span class=\"head\">Rating<\/span>\n<ul>\n<li><i class=\"star full\"><\/i><\/li>\n<li><i class=\"star full\"><\/i><\/li>\n<li><i class=\"star full\"><\/i><\/li>\n<li><i class=\"star full\"><\/i><\/li>\n<li><i class=\"star full\"><\/i><\/li>\n<\/ul>\n<span class=\"score\">5<\/span>\n<\/div>\n<div class=\"bonus\">\n<span class=\"head\">Bonus v\u00e9rifi\u00e9<\/span>\n<span class=\"offer\">2000 CAD<i class=\"country-flag ca\"><\/i><\/span>\n<\/div>\n<\/div>\n<div class=\"features\">\n<ul>\n<li class=\"player-accepted\">Autoris\u00e9 au Canada<\/li>\n<\/ul>\n<\/div>\n<\/div>\n<div class=\"buttons\">\n<a href=\"\/go\/betway\" class=\"button cta\">Obtenez un Bonus<\/a>\n<a class=\"desktop-tooltip tooltip-bottom\" href=\"https:\/\/www.betting.ca\/fr\/revue\/betway\">Lire la revue<\/a>\n<\/div>\n<\/div>\n<div class=\"item\">\n<div class=\"rank\">#2<\/div>\n<a class=\"logo\" href=\"https:\/\/www.betting.ca\/fr\/revue\/sports-interaction\" style=\"background-color:\">\n<img decoding=\"async\" src=\"https:\/\/www.betting.ca\/images\/reviews\/sports-interaction-logo.png\" alt=\"Sports Interaction\">\n<\/a>\n<div class=\"info\">\n<div class=\"content\">\n<div class=\"rating\">\n<span class=\"head\">Rating<\/span>\n<ul>\n<li><i class=\"star full\"><\/i><\/li>\n<li><i class=\"star full\"><\/i><\/li>\n<li><i class=\"star full\"><\/i><\/li>\n<li><i class=\"star full\"><\/i><\/li>\n<li><i class=\"star half\"><\/i><\/li>\n<\/ul>\n<span class=\"score\">4.9<\/span>\n<\/div>\n<div class=\"bonus\">\n<span class=\"head\">Bonus v\u00e9rifi\u00e9<\/span>\n<span class=\"offer\">CAD 125<i class=\"country-flag ca\"><\/i><\/span>\n<\/div>\n<\/div>\n<div class=\"features\">\n<ul>\n<li class=\"player-accepted\">Autoris\u00e9 au Canada<\/li>\n<\/ul>\n<\/div>\n<\/div>\n<div class=\"buttons\">\n<a href=\"\/go\/sports-interaction\" class=\"button cta\">Obtenez un Bonus<\/a>\n<a class=\"desktop-tooltip tooltip-bottom\" href=\"https:\/\/www.betting.ca\/fr\/revue\/sports-interaction\">Lire la revue<\/a>\n<\/div>\n<\/div>\n<div class=\"item\">\n<div class=\"rank\">#3<\/div>\n<a class=\"logo\" href=\"https:\/\/www.betting.ca\/fr\/revue\/bet365\" style=\"background-color:\">\n<img decoding=\"async\" src=\"https:\/\/www.betting.ca\/images\/reviews\/bet365-logo.png\" alt=\"Bet365\">\n<\/a>\n<div class=\"info\">\n<div class=\"content\">\n<div class=\"rating\">\n<span class=\"head\">Rating<\/span>\n<ul>\n<li><i class=\"star full\"><\/i><\/li>\n<li><i class=\"star full\"><\/i><\/li>\n<li><i class=\"star full\"><\/i><\/li>\n<li><i class=\"star full\"><\/i><\/li>\n<li><i class=\"star half\"><\/i><\/li>\n<\/ul>\n<span class=\"score\">4.8<\/span>\n<\/div>\n<div class=\"bonus\">\n<span class=\"head\">Bonus v\u00e9rifi\u00e9<\/span>\n<span class=\"offer\">CAD 200<i class=\"country-flag ca\"><\/i><\/span>\n<\/div>\n<\/div>\n<div class=\"features\">\n<ul>\n<li class=\"player-accepted\">Autoris\u00e9 au Canada<\/li>\n<\/ul>\n<\/div>\n<\/div>\n<div class=\"buttons\">\n<a href=\"\/go\/bet365\" class=\"button cta\">Obtenez un Bonus<\/a>\n<a class=\"desktop-tooltip tooltip-bottom\" href=\"https:\/\/www.betting.ca\/fr\/revue\/bet365\">Lire la revue<\/a>\n<\/div>\n<\/div>\n<div class=\"item\">\n<div class=\"rank\">#4<\/div>\n<a class=\"logo\" href=\"https:\/\/www.betting.ca\/fr\/revue\/spin-sports\" style=\"background-color:\">\n<img decoding=\"async\" src=\"https:\/\/www.betting.ca\/images\/reviews\/spin-sports-logo.png\" alt=\"Spin Sports\">\n<\/a>\n<div class=\"info\">\n<div class=\"content\">\n<div class=\"rating\">\n<span class=\"head\">Rating<\/span>\n<ul>\n<li><i class=\"star full\"><\/i><\/li>\n<li><i class=\"star full\"><\/i><\/li>\n<li><i class=\"star full\"><\/i><\/li>\n<li><i class=\"star full\"><\/i><\/li>\n<li><i class=\"star half\"><\/i><\/li>\n<\/ul>\n<span class=\"score\">4.3<\/span>\n<\/div>\n<div class=\"bonus\">\n<span class=\"head\">Bonus v\u00e9rifi\u00e9<\/span>\n<span class=\"offer\">CAD 200<i class=\"country-flag ca\"><\/i><\/span>\n<\/div>\n<\/div>\n<div class=\"features\">\n<ul>\n<li class=\"player-accepted\">Autoris\u00e9 au Canada<\/li>\n<\/ul>\n<\/div>\n<\/div>\n<div class=\"buttons\">\n<a href=\"\/go\/spin-sports\" class=\"button cta\">Obtenez un Bonus<\/a>\n<a class=\"desktop-tooltip tooltip-bottom\" href=\"https:\/\/www.betting.ca\/fr\/revue\/spin-sports\">Lire la revue<\/a>\n<\/div>\n<\/div>\n<div class=\"item\">\n<div class=\"rank\">#5<\/div>\n<a class=\"logo\" href=\"https:\/\/www.betting.ca\/fr\/revue\/bodog\" style=\"background-color:\">\n<img decoding=\"async\" src=\"https:\/\/www.betting.ca\/images\/reviews\/bodog-logo.png\" alt=\"Bodog\">\n<\/a>\n<div class=\"info\">\n<div class=\"content\">\n<div class=\"rating\">\n<span class=\"head\">Rating<\/span>\n<ul>\n<li><i class=\"star full\"><\/i><\/li>\n<li><i class=\"star full\"><\/i><\/li>\n<li><i class=\"star full\"><\/i><\/li>\n<li><i class=\"star full\"><\/i><\/li>\n<li><i class=\"star half\"><\/i><\/li>\n<\/ul>\n<span class=\"score\">4.2<\/span>\n<\/div>\n<div class=\"bonus\">\n<span class=\"head\">Bonus v\u00e9rifi\u00e9<\/span>\n<span class=\"offer\">CAD 200<i class=\"country-flag ca\"><\/i><\/span>\n<\/div>\n<\/div>\n<div class=\"features\">\n<ul>\n<li class=\"player-accepted\">Autoris\u00e9 au Canada<\/li>\n<\/ul>\n<\/div>\n<\/div>\n<div class=\"buttons\">\n<a href=\"\/go\/bodog\" class=\"button cta\">Obtenez un Bonus<\/a>\n<a class=\"desktop-tooltip tooltip-bottom\" href=\"https:\/\/www.betting.ca\/fr\/revue\/bodog\">Lire la revue<\/a>\n<\/div>\n<\/div>\n<div class=\"item\">\n<div class=\"rank\">#6<\/div>\n<a class=\"logo\" href=\"https:\/\/www.betting.ca\/fr\/revue\/betonline\" style=\"background-color:\">\n<img decoding=\"async\" src=\"https:\/\/www.betting.ca\/images\/reviews\/betonline-logo.png\" alt=\"BetOnline\">\n<\/a>\n<div class=\"info\">\n<div class=\"content\">\n<div class=\"rating\">\n<span class=\"head\">Rating<\/span>\n<ul>\n<li><i class=\"star full\"><\/i><\/li>\n<li><i class=\"star full\"><\/i><\/li>\n<li><i class=\"star full\"><\/i><\/li>\n<li><i class=\"star half\"><\/i><\/li>\n<li><i class=\"star empty\"><\/i><\/li>\n<\/ul>\n<span class=\"score\">3.9<\/span>\n<\/div>\n<div class=\"bonus\">\n<span class=\"head\">Bonus v\u00e9rifi\u00e9<\/span>\n<span class=\"offer\">CAD 2500<i class=\"country-flag ca\"><\/i><\/span>\n<\/div>\n<\/div>\n<div class=\"features\">\n<ul>\n<li class=\"player-accepted\">Autoris\u00e9 au Canada<\/li>\n<\/ul>\n<\/div>\n<\/div>\n<div class=\"buttons\">\n<a href=\"\/go\/betonline\" class=\"button cta\">Obtenez un Bonus<\/a>\n<a class=\"desktop-tooltip tooltip-bottom\" href=\"https:\/\/www.betting.ca\/fr\/revue\/betonline\">Lire la revue<\/a>\n<\/div>\n<\/div>\n<\/div>\n<p>Veuillez vous assurer que chaque fois que vous avez accept\u00e9 ou que vous envisagez d&rsquo;accepter n&rsquo;importe quel type de bonus d\u2019un site de pari, de v\u00e9rifier les r\u00e8gles concernant la fa\u00e7on dont vous pouvez utiliser ce bonus. Il faut aussi savoir que chaque bonus et offre de pari gratuit que vous verrez sur notre site Web est sujet \u00e0 changement en tout temps, et \u00e0 ce titre, vous pouvez jeter un \u0153il sur le site de paris sportifs pour vous assurer que l\u2019offre est toujours valide et disponible pour vous, car elles sont sujettes \u00e0 changement \u00e0 tout moment.<\/p>\n<div class=\"types-mobile-nav\">\n            \t<h2><\/h2>\n            \t<ul>\n            \t<li><a href=\"https:\/\/www.betting.ca\/fr\/pari-mobile\/pari-android\"><span class=\"mobile android\"><\/span>Android<\/a><\/li>\n            \t<li><a href=\"https:\/\/www.betting.ca\/fr\/pari-mobile\/pari-blackberry\"><span class=\"mobile blackberry\"><\/span>Blackberry<\/a><\/li>\n            \t<li><a href=\"https:\/\/www.betting.ca\/fr\/pari-mobile\/pari-ipad\"><span class=\"mobile ipad\"><\/span>iPad<\/a><\/li>\n            \t<li><a href=\"https:\/\/www.betting.ca\/fr\/pari-mobile\/pari-iphone\"><span class=\"mobile iphone\"><\/span>iPhone<\/a><\/li>\n            \t<li><a href=\"https:\/\/www.betting.ca\/fr\/pari-mobile\/pari-telephone-windows\"><span class=\"mobile windows\"><\/span>Windows<\/a><\/li>\n            \t<\/ul>\n            \t<\/div>\n<p>Ne faites jamais de double pari avec les paris sportifs. Lorsque vous devenez membre de l&rsquo;un de nos sites de pari mobile compatible avec BlackBerry, vous obtiendrez un type d\u2019exp\u00e9rience de pari in\u00e9gal\u00e9e, vous y trouverez des sessions de paris sans tracas sur chacun des sites Web list\u00e9s sur Betting.ca.<\/p>\n\n<h3 id=\"lutilisation-dun-site-de-pari-pour-blackberry\">L&rsquo;utilisation d&rsquo;un site de pari pour BlackBerry<\/h3>\n<p>Lorsque vous pariez sur votre BlackBerry, il est imp\u00e9ratif que votre appareil soit s\u00e9curis\u00e9. Si vous avez d\u00e9j\u00e0 une application de s\u00e9curit\u00e9 mobile, assurez-vous qu\u2019elle est activ\u00e9e et en fonction. Lorsque vous avez r\u00e9gl\u00e9 la s\u00e9curit\u00e9, rendez-vous sur l&rsquo;un de nos sites en vedette, et t\u00e9l\u00e9chargez l&rsquo;application, cela prend quelques minutes, et une fois que cela est compl\u00e9t\u00e9, vous aurez toutes les options de pari qu&rsquo;ils offrent au bout des doigts, ce qui signifie que vous pourrez jouer de partout et n&rsquo;importe o\u00f9.<\/p>\n<p>Tous nos <a href=\"http:\/\/ca.blackberry.com\/\">sites de pari compatible BlackBerry en vedette<\/a> sont enregistr\u00e9s et contr\u00f4l\u00e9s par les principales autorit\u00e9s de jeux. Vous pouvez donc jouer avec tranquillit\u00e9 d&rsquo;esprit et confiance.<\/p>\n<p>Si vous n\u2019\u00eates pas connect\u00e9 au preneur aux livres, vous devrez le faire pour pouvoir placer des mises en argent r\u00e9el. Cependant, se connecter prend quelques minutes, et si vous \u00eates d\u00e9j\u00e0 membre de leur site de paris en ligne sur ordinateur, vous \u00eates normalement en mesure d&rsquo;utiliser vos identifiants actuels.<\/p>\n<p>Une fois que vous \u00eates connect\u00e9 et que vous avez choisi un ou plusieurs \u00e9v\u00e9nements sportifs sur lesquels vous d\u00e9sirez parier, placer ces mises est un vrai jeu d&rsquo;enfant, et vous allez bient\u00f4t ma\u00eetriser l&rsquo;utilisation des feuillets de pari pour placer vos mises qui sont enti\u00e8rement contr\u00f4l\u00e9s par l&rsquo;interm\u00e9diaire de votre clavier. Appuyez simplement et cliquez dessus et remplissez votre pari, en choisissant les cotes que vous voulez et votre mise sera plac\u00e9e instantan\u00e9ment.<\/p>\n","protected":false},"excerpt":{"rendered":"Lorsque les gens recherchent des appareils mobiles pour faire des paris, alors chacun aura ses propres favoris personnels, et en ce qui concerne les appareils BlackBerry, ces t\u00e9l\u00e9phones mobiles sont tr\u00e8s populaires et sont consid\u00e9r\u00e9s comme l&rsquo;un des principaux moyens de communication. Cependant, il y a plusieurs autres choses qui peuvent \u00eatre faites avec un [&hellip;]","protected":false},"author":2,"featured_media":0,"parent":16,"menu_order":0,"comment_status":"closed","ping_status":"closed","template":"","meta":{"_acf_changed":false,"footnotes":""},"class_list":["post-67","page","type-page","status-publish","hentry"],"acf":[],"yoast_head":"<!-- This site is optimized with the Yoast SEO plugin v27.3 - https:\/\/yoast.com\/product\/yoast-seo-wordpress\/ -->\n<title>Sites de paris BlackBerry : parier sur n&#039;importe quel appareil BlackBerry et applications de paris<\/title>\n<meta name=\"description\" content=\"Pour un guide facile \u00e0 suivre pour la configuration et l&#039;utilisation de votre appareil BlackBerry pour placer n&#039;importe quel type de pari sportif, alors venez d\u00e9couvrir le site Web de Betting.ca\" \/>\n<meta name=\"robots\" content=\"index, follow, max-snippet:-1, max-image-preview:large, max-video-preview:-1\" \/>\n<link rel=\"canonical\" href=\"https:\/\/www.betting.ca\/fr\/pari-mobile\/pari-blackberry\" \/>\n<meta property=\"og:locale\" content=\"fr_CA\" \/>\n<meta property=\"og:type\" content=\"article\" \/>\n<meta property=\"og:title\" content=\"Sites de paris BlackBerry : parier sur n&#039;importe quel appareil BlackBerry et applications de paris\" \/>\n<meta property=\"og:description\" content=\"Pour un guide facile \u00e0 suivre pour la configuration et l&#039;utilisation de votre appareil BlackBerry pour placer n&#039;importe quel type de pari sportif, alors venez d\u00e9couvrir le site Web de Betting.ca\" \/>\n<meta property=\"og:url\" content=\"https:\/\/www.betting.ca\/fr\/pari-mobile\/pari-blackberry\" \/>\n<meta property=\"og:site_name\" content=\"Betting.ca FR\" \/>\n<meta property=\"og:image\" content=\"https:\/\/www.betting.ca\/images\/reviews\/betonline-logo.png\" \/>\n<meta name=\"twitter:card\" content=\"summary_large_image\" \/>\n<meta name=\"twitter:label1\" content=\"Estimation du temps de lecture\" \/>\n\t<meta name=\"twitter:data1\" content=\"3 minutes\" \/>\n<script type=\"application\/ld+json\" class=\"yoast-schema-graph\">{\"@context\":\"https:\\\/\\\/schema.org\",\"@graph\":[{\"@type\":\"WebPage\",\"@id\":\"https:\\\/\\\/www.betting.ca\\\/fr\\\/pari-mobile\\\/pari-blackberry\",\"url\":\"https:\\\/\\\/www.betting.ca\\\/fr\\\/pari-mobile\\\/pari-blackberry\",\"name\":\"Sites de paris BlackBerry : parier sur n'importe quel appareil BlackBerry et applications de paris\",\"isPartOf\":{\"@id\":\"https:\\\/\\\/www.betting.ca\\\/fr\\\/#website\"},\"primaryImageOfPage\":{\"@id\":\"https:\\\/\\\/www.betting.ca\\\/fr\\\/pari-mobile\\\/pari-blackberry#primaryimage\"},\"image\":{\"@id\":\"https:\\\/\\\/www.betting.ca\\\/fr\\\/pari-mobile\\\/pari-blackberry#primaryimage\"},\"thumbnailUrl\":\"https:\\\/\\\/www.betting.ca\\\/wp-content\\\/uploads\\\/2013\\\/08\\\/canadian-blackberry-sportsbooks.jpg\",\"datePublished\":\"2019-05-14T16:44:33+00:00\",\"description\":\"Pour un guide facile \u00e0 suivre pour la configuration et l'utilisation de votre appareil BlackBerry pour placer n'importe quel type de pari sportif, alors venez d\u00e9couvrir le site Web de Betting.ca\",\"breadcrumb\":{\"@id\":\"https:\\\/\\\/www.betting.ca\\\/fr\\\/pari-mobile\\\/pari-blackberry#breadcrumb\"},\"inLanguage\":\"fr-CA\",\"potentialAction\":[{\"@type\":\"ReadAction\",\"target\":[\"https:\\\/\\\/www.betting.ca\\\/fr\\\/pari-mobile\\\/pari-blackberry\"]}]},{\"@type\":\"ImageObject\",\"inLanguage\":\"fr-CA\",\"@id\":\"https:\\\/\\\/www.betting.ca\\\/fr\\\/pari-mobile\\\/pari-blackberry#primaryimage\",\"url\":\"https:\\\/\\\/www.betting.ca\\\/images\\\/reviews\\\/betonline-logo.png\",\"contentUrl\":\"https:\\\/\\\/www.betting.ca\\\/images\\\/reviews\\\/betonline-logo.png\"},{\"@type\":\"BreadcrumbList\",\"@id\":\"https:\\\/\\\/www.betting.ca\\\/fr\\\/pari-mobile\\\/pari-blackberry#breadcrumb\",\"itemListElement\":[{\"@type\":\"ListItem\",\"position\":1,\"name\":\"Home\",\"item\":\"https:\\\/\\\/www.betting.ca\\\/fr\\\/\"},{\"@type\":\"ListItem\",\"position\":2,\"name\":\"Sites mobiles de paris et meilleures applications de paris\",\"item\":\"https:\\\/\\\/www.betting.ca\\\/fr\\\/pari-mobile\"},{\"@type\":\"ListItem\",\"position\":3,\"name\":\"Pari Blackberry\"}]},{\"@type\":\"WebSite\",\"@id\":\"https:\\\/\\\/www.betting.ca\\\/fr\\\/#website\",\"url\":\"https:\\\/\\\/www.betting.ca\\\/fr\\\/\",\"name\":\"Betting.ca FR\",\"description\":\"\",\"potentialAction\":[{\"@type\":\"SearchAction\",\"target\":{\"@type\":\"EntryPoint\",\"urlTemplate\":\"https:\\\/\\\/www.betting.ca\\\/fr\\\/?s={search_term_string}\"},\"query-input\":{\"@type\":\"PropertyValueSpecification\",\"valueRequired\":true,\"valueName\":\"search_term_string\"}}],\"inLanguage\":\"fr-CA\"}]}<\/script>\n<!-- \/ Yoast SEO plugin. -->","yoast_head_json":{"title":"Sites de paris BlackBerry : parier sur n'importe quel appareil BlackBerry et applications de paris","description":"Pour un guide facile \u00e0 suivre pour la configuration et l'utilisation de votre appareil BlackBerry pour placer n'importe quel type de pari sportif, alors venez d\u00e9couvrir le site Web de Betting.ca","robots":{"index":"index","follow":"follow","max-snippet":"max-snippet:-1","max-image-preview":"max-image-preview:large","max-video-preview":"max-video-preview:-1"},"canonical":"https:\/\/www.betting.ca\/fr\/pari-mobile\/pari-blackberry","og_locale":"fr_CA","og_type":"article","og_title":"Sites de paris BlackBerry : parier sur n'importe quel appareil BlackBerry et applications de paris","og_description":"Pour un guide facile \u00e0 suivre pour la configuration et l'utilisation de votre appareil BlackBerry pour placer n'importe quel type de pari sportif, alors venez d\u00e9couvrir le site Web de Betting.ca","og_url":"https:\/\/www.betting.ca\/fr\/pari-mobile\/pari-blackberry","og_site_name":"Betting.ca FR","og_image":[{"url":"https:\/\/www.betting.ca\/images\/reviews\/betonline-logo.png","type":"","width":"","height":""}],"twitter_card":"summary_large_image","twitter_misc":{"Estimation du temps de lecture":"3 minutes"},"schema":{"@context":"https:\/\/schema.org","@graph":[{"@type":"WebPage","@id":"https:\/\/www.betting.ca\/fr\/pari-mobile\/pari-blackberry","url":"https:\/\/www.betting.ca\/fr\/pari-mobile\/pari-blackberry","name":"Sites de paris BlackBerry : parier sur n'importe quel appareil BlackBerry et applications de paris","isPartOf":{"@id":"https:\/\/www.betting.ca\/fr\/#website"},"primaryImageOfPage":{"@id":"https:\/\/www.betting.ca\/fr\/pari-mobile\/pari-blackberry#primaryimage"},"image":{"@id":"https:\/\/www.betting.ca\/fr\/pari-mobile\/pari-blackberry#primaryimage"},"thumbnailUrl":"https:\/\/www.betting.ca\/wp-content\/uploads\/2013\/08\/canadian-blackberry-sportsbooks.jpg","datePublished":"2019-05-14T16:44:33+00:00","description":"Pour un guide facile \u00e0 suivre pour la configuration et l'utilisation de votre appareil BlackBerry pour placer n'importe quel type de pari sportif, alors venez d\u00e9couvrir le site Web de Betting.ca","breadcrumb":{"@id":"https:\/\/www.betting.ca\/fr\/pari-mobile\/pari-blackberry#breadcrumb"},"inLanguage":"fr-CA","potentialAction":[{"@type":"ReadAction","target":["https:\/\/www.betting.ca\/fr\/pari-mobile\/pari-blackberry"]}]},{"@type":"ImageObject","inLanguage":"fr-CA","@id":"https:\/\/www.betting.ca\/fr\/pari-mobile\/pari-blackberry#primaryimage","url":"https:\/\/www.betting.ca\/images\/reviews\/betonline-logo.png","contentUrl":"https:\/\/www.betting.ca\/images\/reviews\/betonline-logo.png"},{"@type":"BreadcrumbList","@id":"https:\/\/www.betting.ca\/fr\/pari-mobile\/pari-blackberry#breadcrumb","itemListElement":[{"@type":"ListItem","position":1,"name":"Home","item":"https:\/\/www.betting.ca\/fr\/"},{"@type":"ListItem","position":2,"name":"Sites mobiles de paris et meilleures applications de paris","item":"https:\/\/www.betting.ca\/fr\/pari-mobile"},{"@type":"ListItem","position":3,"name":"Pari Blackberry"}]},{"@type":"WebSite","@id":"https:\/\/www.betting.ca\/fr\/#website","url":"https:\/\/www.betting.ca\/fr\/","name":"Betting.ca FR","description":"","potentialAction":[{"@type":"SearchAction","target":{"@type":"EntryPoint","urlTemplate":"https:\/\/www.betting.ca\/fr\/?s={search_term_string}"},"query-input":{"@type":"PropertyValueSpecification","valueRequired":true,"valueName":"search_term_string"}}],"inLanguage":"fr-CA"}]}},"_links":{"self":[{"href":"https:\/\/www.betting.ca\/fr\/wp-json\/wp\/v2\/pages\/67","targetHints":{"allow":["GET"]}}],"collection":[{"href":"https:\/\/www.betting.ca\/fr\/wp-json\/wp\/v2\/pages"}],"about":[{"href":"https:\/\/www.betting.ca\/fr\/wp-json\/wp\/v2\/types\/page"}],"author":[{"embeddable":true,"href":"https:\/\/www.betting.ca\/fr\/wp-json\/wp\/v2\/users\/2"}],"replies":[{"embeddable":true,"href":"https:\/\/www.betting.ca\/fr\/wp-json\/wp\/v2\/comments?post=67"}],"version-history":[{"count":0,"href":"https:\/\/www.betting.ca\/fr\/wp-json\/wp\/v2\/pages\/67\/revisions"}],"up":[{"embeddable":true,"href":"https:\/\/www.betting.ca\/fr\/wp-json\/wp\/v2\/pages\/16"}],"wp:attachment":[{"href":"https:\/\/www.betting.ca\/fr\/wp-json\/wp\/v2\/media?parent=67"}],"curies":[{"name":"wp","href":"https:\/\/api.w.org\/{rel}","templated":true}]}}