{"id":65,"date":"2019-05-14T16:34:43","date_gmt":"2019-05-14T16:34:43","guid":{"rendered":"https:\/\/www.betting.ca\/fr\/?page_id=65"},"modified":"2019-05-14T16:34:43","modified_gmt":"2019-05-14T16:34:43","slug":"pari-android","status":"publish","type":"page","link":"https:\/\/www.betting.ca\/fr\/pari-mobile\/pari-android","title":{"rendered":"Pari Android"},"content":{"rendered":"<p><img decoding=\"async\" class=\"alignright size-full wp-image-764\" src=\"https:\/\/www.betting.ca\/wp-content\/uploads\/2013\/08\/canadian-android-sportsbooks.jpg\" alt=\"Top Sportsbooks canadiens pour Android\" width=\"300\" \/>Bon nombre des appareils mobiles les plus techniquement avanc\u00e9s ont un syst\u00e8me d&rsquo;exploitation Android, et ces appareils vous ouvriront vraiment le monde et vous permettront de faire toutes sortes de choses diff\u00e9rentes, gr\u00e2ce au grand nombre d&rsquo;applications diff\u00e9rentes qui peuvent \u00eatre t\u00e9l\u00e9charg\u00e9s sur eux.<br \/>\nSi vous \u00eates le genre de personne qui n&rsquo;aime rien de mieux que de parier \u00e0 l&rsquo;occasion sur des \u00e9v\u00e9nements sportifs et des rencontres sportives, alors vous pouvez bien s\u00fbr avoir acc\u00e8s \u00e0 de nombreuses <a href=\"https:\/\/www.android.com\/intl\/fr_ca\/\">diff\u00e9rentes applications de paris sportifs sur ces appareils mobiles op\u00e9rants sur Android<\/a>, et ci-dessous, nous allons vous montrer \u00e0 quel point ils sont faciles \u00e0 utiliser et \u00e0 exploiter ou vous diriger vers quelques-uns des meilleurs sites de pari mobile compatible avec Android.<\/p>\n<h2 id=\"sites-de-paris-sportifs-android-canadiens-recommandes\">Sites de paris sportifs Android canadiens recommand\u00e9s<\/h2>\n<p>Regardez ce que chacun de nos sites de paris recommand\u00e9s et de nos sites canadiens compatibles avec Android ont \u00e0 vous offrir, chacun dispose d&rsquo;un bonus de bienvenue sp\u00e9cial \u00e0 r\u00e9clamer et tous les sites sont enti\u00e8rement sous licence et offrent toutes sortes de possibilit\u00e9s de pari diff\u00e9rentes.<\/p>\n<div class=\"brand-table\" id=\"ca-sportsbooks\">\n<div class=\"item\">\n<div class=\"rank\">#1<\/div>\n<a class=\"logo\" href=\"https:\/\/www.betting.ca\/fr\/revue\/betway\" style=\"background-color:\">\n<img decoding=\"async\" src=\"https:\/\/www.betting.ca\/images\/reviews\/betway-logo.png\" alt=\"Betway\">\n<\/a>\n<div class=\"info\">\n<div class=\"content\">\n<div class=\"rating\">\n<span class=\"head\">Rating<\/span>\n<ul>\n<li><i class=\"star full\"><\/i><\/li>\n<li><i class=\"star full\"><\/i><\/li>\n<li><i class=\"star full\"><\/i><\/li>\n<li><i class=\"star full\"><\/i><\/li>\n<li><i class=\"star full\"><\/i><\/li>\n<\/ul>\n<span class=\"score\">5<\/span>\n<\/div>\n<div class=\"bonus\">\n<span class=\"head\">Bonus v\u00e9rifi\u00e9<\/span>\n<span class=\"offer\">2000 CAD<i class=\"country-flag ca\"><\/i><\/span>\n<\/div>\n<\/div>\n<div class=\"features\">\n<ul>\n<li class=\"player-accepted\">Autoris\u00e9 au Canada<\/li>\n<\/ul>\n<\/div>\n<\/div>\n<div class=\"buttons\">\n<a href=\"\/go\/betway\" class=\"button cta\">Obtenez un Bonus<\/a>\n<a class=\"desktop-tooltip tooltip-bottom\" href=\"https:\/\/www.betting.ca\/fr\/revue\/betway\">Lire la revue<\/a>\n<\/div>\n<\/div>\n<div class=\"item\">\n<div class=\"rank\">#2<\/div>\n<a class=\"logo\" href=\"https:\/\/www.betting.ca\/fr\/revue\/sports-interaction\" style=\"background-color:\">\n<img decoding=\"async\" src=\"https:\/\/www.betting.ca\/images\/reviews\/sports-interaction-logo.png\" alt=\"Sports Interaction\">\n<\/a>\n<div class=\"info\">\n<div class=\"content\">\n<div class=\"rating\">\n<span class=\"head\">Rating<\/span>\n<ul>\n<li><i class=\"star full\"><\/i><\/li>\n<li><i class=\"star full\"><\/i><\/li>\n<li><i class=\"star full\"><\/i><\/li>\n<li><i class=\"star full\"><\/i><\/li>\n<li><i class=\"star half\"><\/i><\/li>\n<\/ul>\n<span class=\"score\">4.9<\/span>\n<\/div>\n<div class=\"bonus\">\n<span class=\"head\">Bonus v\u00e9rifi\u00e9<\/span>\n<span class=\"offer\">CAD 125<i class=\"country-flag ca\"><\/i><\/span>\n<\/div>\n<\/div>\n<div class=\"features\">\n<ul>\n<li class=\"player-accepted\">Autoris\u00e9 au Canada<\/li>\n<\/ul>\n<\/div>\n<\/div>\n<div class=\"buttons\">\n<a href=\"\/go\/sports-interaction\" class=\"button cta\">Obtenez un Bonus<\/a>\n<a class=\"desktop-tooltip tooltip-bottom\" href=\"https:\/\/www.betting.ca\/fr\/revue\/sports-interaction\">Lire la revue<\/a>\n<\/div>\n<\/div>\n<div class=\"item\">\n<div class=\"rank\">#3<\/div>\n<a class=\"logo\" href=\"https:\/\/www.betting.ca\/fr\/revue\/bet365\" style=\"background-color:\">\n<img decoding=\"async\" src=\"https:\/\/www.betting.ca\/images\/reviews\/bet365-logo.png\" alt=\"Bet365\">\n<\/a>\n<div class=\"info\">\n<div class=\"content\">\n<div class=\"rating\">\n<span class=\"head\">Rating<\/span>\n<ul>\n<li><i class=\"star full\"><\/i><\/li>\n<li><i class=\"star full\"><\/i><\/li>\n<li><i class=\"star full\"><\/i><\/li>\n<li><i class=\"star full\"><\/i><\/li>\n<li><i class=\"star half\"><\/i><\/li>\n<\/ul>\n<span class=\"score\">4.8<\/span>\n<\/div>\n<div class=\"bonus\">\n<span class=\"head\">Bonus v\u00e9rifi\u00e9<\/span>\n<span class=\"offer\">CAD 200<i class=\"country-flag ca\"><\/i><\/span>\n<\/div>\n<\/div>\n<div class=\"features\">\n<ul>\n<li class=\"player-accepted\">Autoris\u00e9 au Canada<\/li>\n<\/ul>\n<\/div>\n<\/div>\n<div class=\"buttons\">\n<a href=\"\/go\/bet365\" class=\"button cta\">Obtenez un Bonus<\/a>\n<a class=\"desktop-tooltip tooltip-bottom\" href=\"https:\/\/www.betting.ca\/fr\/revue\/bet365\">Lire la revue<\/a>\n<\/div>\n<\/div>\n<div class=\"item\">\n<div class=\"rank\">#4<\/div>\n<a class=\"logo\" href=\"https:\/\/www.betting.ca\/fr\/revue\/spin-sports\" style=\"background-color:\">\n<img decoding=\"async\" src=\"https:\/\/www.betting.ca\/images\/reviews\/spin-sports-logo.png\" alt=\"Spin Sports\">\n<\/a>\n<div class=\"info\">\n<div class=\"content\">\n<div class=\"rating\">\n<span class=\"head\">Rating<\/span>\n<ul>\n<li><i class=\"star full\"><\/i><\/li>\n<li><i class=\"star full\"><\/i><\/li>\n<li><i class=\"star full\"><\/i><\/li>\n<li><i class=\"star full\"><\/i><\/li>\n<li><i class=\"star half\"><\/i><\/li>\n<\/ul>\n<span class=\"score\">4.3<\/span>\n<\/div>\n<div class=\"bonus\">\n<span class=\"head\">Bonus v\u00e9rifi\u00e9<\/span>\n<span class=\"offer\">CAD 200<i class=\"country-flag ca\"><\/i><\/span>\n<\/div>\n<\/div>\n<div class=\"features\">\n<ul>\n<li class=\"player-accepted\">Autoris\u00e9 au Canada<\/li>\n<\/ul>\n<\/div>\n<\/div>\n<div class=\"buttons\">\n<a href=\"\/go\/spin-sports\" class=\"button cta\">Obtenez un Bonus<\/a>\n<a class=\"desktop-tooltip tooltip-bottom\" href=\"https:\/\/www.betting.ca\/fr\/revue\/spin-sports\">Lire la revue<\/a>\n<\/div>\n<\/div>\n<div class=\"item\">\n<div class=\"rank\">#5<\/div>\n<a class=\"logo\" href=\"https:\/\/www.betting.ca\/fr\/revue\/bodog\" style=\"background-color:\">\n<img decoding=\"async\" src=\"https:\/\/www.betting.ca\/images\/reviews\/bodog-logo.png\" alt=\"Bodog\">\n<\/a>\n<div class=\"info\">\n<div class=\"content\">\n<div class=\"rating\">\n<span class=\"head\">Rating<\/span>\n<ul>\n<li><i class=\"star full\"><\/i><\/li>\n<li><i class=\"star full\"><\/i><\/li>\n<li><i class=\"star full\"><\/i><\/li>\n<li><i class=\"star full\"><\/i><\/li>\n<li><i class=\"star half\"><\/i><\/li>\n<\/ul>\n<span class=\"score\">4.2<\/span>\n<\/div>\n<div class=\"bonus\">\n<span class=\"head\">Bonus v\u00e9rifi\u00e9<\/span>\n<span class=\"offer\">CAD 200<i class=\"country-flag ca\"><\/i><\/span>\n<\/div>\n<\/div>\n<div class=\"features\">\n<ul>\n<li class=\"player-accepted\">Autoris\u00e9 au Canada<\/li>\n<\/ul>\n<\/div>\n<\/div>\n<div class=\"buttons\">\n<a href=\"\/go\/bodog\" class=\"button cta\">Obtenez un Bonus<\/a>\n<a class=\"desktop-tooltip tooltip-bottom\" href=\"https:\/\/www.betting.ca\/fr\/revue\/bodog\">Lire la revue<\/a>\n<\/div>\n<\/div>\n<div class=\"item\">\n<div class=\"rank\">#6<\/div>\n<a class=\"logo\" href=\"https:\/\/www.betting.ca\/fr\/revue\/betonline\" style=\"background-color:\">\n<img decoding=\"async\" src=\"https:\/\/www.betting.ca\/images\/reviews\/betonline-logo.png\" alt=\"BetOnline\">\n<\/a>\n<div class=\"info\">\n<div class=\"content\">\n<div class=\"rating\">\n<span class=\"head\">Rating<\/span>\n<ul>\n<li><i class=\"star full\"><\/i><\/li>\n<li><i class=\"star full\"><\/i><\/li>\n<li><i class=\"star full\"><\/i><\/li>\n<li><i class=\"star half\"><\/i><\/li>\n<li><i class=\"star empty\"><\/i><\/li>\n<\/ul>\n<span class=\"score\">3.9<\/span>\n<\/div>\n<div class=\"bonus\">\n<span class=\"head\">Bonus v\u00e9rifi\u00e9<\/span>\n<span class=\"offer\">CAD 2500<i class=\"country-flag ca\"><\/i><\/span>\n<\/div>\n<\/div>\n<div class=\"features\">\n<ul>\n<li class=\"player-accepted\">Autoris\u00e9 au Canada<\/li>\n<\/ul>\n<\/div>\n<\/div>\n<div class=\"buttons\">\n<a href=\"\/go\/betonline\" class=\"button cta\">Obtenez un Bonus<\/a>\n<a class=\"desktop-tooltip tooltip-bottom\" href=\"https:\/\/www.betting.ca\/fr\/revue\/betonline\">Lire la revue<\/a>\n<\/div>\n<\/div>\n<\/div>\n<p>Betting.ca est fier de vous fournir les nouvelles et les renseignements de paris sportifs les plus r\u00e9cents, toutefois, de temps \u00e0 autre, les offres de bonus \u00e9num\u00e9r\u00e9s tels que ceux mentionn\u00e9s ci-dessus peuvent changer dans un court laps de temps, et en ayant cela \u00e0 l&rsquo;esprit, si une offre de bonus de pari gratuit vous int\u00e9resse, veuillez toujours v\u00e9rifiez la validit\u00e9 de ce bonus en visitant les sites Web de paris respectifs, o\u00f9 vous trouverez toutes les conditions de chacun des bonus qu&rsquo;ils ont \u00e0 offrir.<\/p>\n<div class=\"types-mobile-nav\">\n            \t<h2><\/h2>\n            \t<ul>\n            \t<li><a href=\"https:\/\/www.betting.ca\/fr\/pari-mobile\/pari-android\"><span class=\"mobile android\"><\/span>Android<\/a><\/li>\n            \t<li><a href=\"https:\/\/www.betting.ca\/fr\/pari-mobile\/pari-blackberry\"><span class=\"mobile blackberry\"><\/span>Blackberry<\/a><\/li>\n            \t<li><a href=\"https:\/\/www.betting.ca\/fr\/pari-mobile\/pari-ipad\"><span class=\"mobile ipad\"><\/span>iPad<\/a><\/li>\n            \t<li><a href=\"https:\/\/www.betting.ca\/fr\/pari-mobile\/pari-iphone\"><span class=\"mobile iphone\"><\/span>iPhone<\/a><\/li>\n            \t<li><a href=\"https:\/\/www.betting.ca\/fr\/pari-mobile\/pari-telephone-windows\"><span class=\"mobile windows\"><\/span>Windows<\/a><\/li>\n            \t<\/ul>\n            \t<\/div>\n\n<h2 id=\"utilisation-dun-site-de-pari-android\">Utilisation d&rsquo;un site de pari Android<\/h2>\n<p>La beaut\u00e9 du syst\u00e8me d&rsquo;exploitation Android est qu&rsquo;il a des possibilit\u00e9s sans limites; l&rsquo;une des plus grandes choses pour atteindre le march\u00e9 des jeux est le jeu mobile. Fini les <a href=\"https:\/\/fr.wikipedia.org\/wiki\/Nokia_3310\">jours de jeu au serpent sur un Nokia 3310<\/a>. Maintenant, la qualit\u00e9 HD est importante et \u00eatre en mesure de r\u00e9ellement gagner quelque chose! Ainsi, vous serez heureux de savoir que vous pouvez acc\u00e9der \u00e0 une grande vari\u00e9t\u00e9 d\u2019occasions de paris sportifs qui sont ouverts aux march\u00e9s canadiens, et aussi de vous permettre de financer votre compte de pari en CAD.<\/p>\n<p>Vous pr\u00e9parer \u00e0 jouer sur votre appareil Android ne pourrait pas \u00eatre plus simple. Il suffit d\u2019aller sur l&rsquo;un de nos sites de paris sportifs recommand\u00e9s, de t\u00e9l\u00e9charger l&rsquo;application, et vous \u00eates pr\u00eat! Il n\u2019y aura pas de p\u00e9nurie de quoi que ce soit dans les types de paris sportifs auxquels vous aurez acc\u00e8s et, en tant que tel, peu importe ce que sont vos sports pr\u00e9f\u00e9r\u00e9s de choix, vous trouverez toujours beaucoup de cotes en direct et des march\u00e9s de paris ouverts et disponibles \u00e0 recevoir des mises.<\/p>\n<p>Comme tous les sites de paris sportifs qui sont \u00e9num\u00e9r\u00e9s ci-dessous d\u00e9tiennent aussi des licences aupr\u00e8s des organismes de r\u00e9glementation, vous pouvez \u00e9galement parier en toute confiance en sachant que chaque fois que vous avez un pari gagnant, votre pari sera r\u00e9gl\u00e9 rapidement et si vous demandez un retrait de vos gains, vous serez pay\u00e9s rapidement et sans retard.<\/p>\n<p>Si vous n&rsquo;avez pas plac\u00e9 de pari sur votre appareil mobile avant, quelques mots d&rsquo;avertissement, vous devez vous assurer que votre appareil est s\u00e9curis\u00e9, cela signifie avoir quelque chose comme <strong>Kaspersky Mobile Security, AVG Mobile<\/strong> ou quelque chose de similaire pour vous assurer que vos donn\u00e9es sont parfaitement prot\u00e9g\u00e9es et qu\u2019il n&rsquo;y a pas de risque de fuite ou qu\u2019elles soient compromises. Vous n&rsquo;ach\u00e8teriez pas quelque chose sur votre ordinateur sans aucune s\u00e9curit\u00e9, alors pourquoi le faire sur votre t\u00e9l\u00e9phone?<\/p>\n<p>L&rsquo;autre chose que nous devrions mentionner est que l&rsquo;\u00e9cran est \u00e9videmment beaucoup plus petit et l&rsquo;interface est un peu diff\u00e9rente de ce que vous avez peut-\u00eatre utilis\u00e9 sur votre ordinateur, assurez-vous donc de placer quelques mises via un des sites de paris sportifs en mode d\u00e9mo pour vous permettre de vous habituer \u00e0 l&rsquo;utiliser sur votre appareil et devenir confortable avec l\u2019interface avant de commencer \u00e0 miser de l&rsquo;argent r\u00e9el.<\/p>\n<p>Une fois que vous avez t\u00e9l\u00e9charg\u00e9 votre application, vous serez impatient d\u2019y aller, vous devrez cependant attendre quelques secondes pour son t\u00e9l\u00e9chargement. La raison est que les fournisseurs r\u00e9alisent l&rsquo;importance de l&rsquo;espace sur votre t\u00e9l\u00e9phone, de sorte que l&rsquo;application de pari n&rsquo;est qu&rsquo;un petit paquet qui n&rsquo;encombrera pas votre appareil Android!<\/p>\n","protected":false},"excerpt":{"rendered":"Bon nombre des appareils mobiles les plus techniquement avanc\u00e9s ont un syst\u00e8me d&rsquo;exploitation Android, et ces appareils vous ouvriront vraiment le monde et vous permettront de faire toutes sortes de choses diff\u00e9rentes, gr\u00e2ce au grand nombre d&rsquo;applications diff\u00e9rentes qui peuvent \u00eatre t\u00e9l\u00e9charg\u00e9s sur eux. Si vous \u00eates le genre de personne qui n&rsquo;aime rien de [&hellip;]","protected":false},"author":2,"featured_media":0,"parent":16,"menu_order":0,"comment_status":"closed","ping_status":"closed","template":"","meta":{"_acf_changed":false,"footnotes":""},"class_list":["post-65","page","type-page","status-publish","hentry"],"acf":[],"yoast_head":"<!-- This site is optimized with the Yoast SEO plugin v27.3 - https:\/\/yoast.com\/product\/yoast-seo-wordpress\/ -->\n<title>Sites de paris Android : liste des sites de paris Android en argent r\u00e9el<\/title>\n<meta name=\"description\" content=\"Trouvez une liste de sites de paris d&#039;argent r\u00e9el et des applications et dirigez-vous vers quelques-uns des meilleurs sites de pari mobile compatible avec Android.\" \/>\n<meta name=\"robots\" content=\"index, follow, max-snippet:-1, max-image-preview:large, max-video-preview:-1\" \/>\n<link rel=\"canonical\" href=\"https:\/\/www.betting.ca\/fr\/pari-mobile\/pari-android\" \/>\n<meta property=\"og:locale\" content=\"fr_CA\" \/>\n<meta property=\"og:type\" content=\"article\" \/>\n<meta property=\"og:title\" content=\"Sites de paris Android : liste des sites de paris Android en argent r\u00e9el\" \/>\n<meta property=\"og:description\" content=\"Trouvez une liste de sites de paris d&#039;argent r\u00e9el et des applications et dirigez-vous vers quelques-uns des meilleurs sites de pari mobile compatible avec Android.\" \/>\n<meta property=\"og:url\" content=\"https:\/\/www.betting.ca\/fr\/pari-mobile\/pari-android\" \/>\n<meta property=\"og:site_name\" content=\"Betting.ca FR\" \/>\n<meta property=\"og:image\" content=\"https:\/\/www.betting.ca\/images\/reviews\/betonline-logo.png\" \/>\n<meta name=\"twitter:card\" content=\"summary_large_image\" \/>\n<meta name=\"twitter:label1\" content=\"Estimation du temps de lecture\" \/>\n\t<meta name=\"twitter:data1\" content=\"4 minutes\" \/>\n<script type=\"application\/ld+json\" class=\"yoast-schema-graph\">{\"@context\":\"https:\\\/\\\/schema.org\",\"@graph\":[{\"@type\":\"WebPage\",\"@id\":\"https:\\\/\\\/www.betting.ca\\\/fr\\\/pari-mobile\\\/pari-android\",\"url\":\"https:\\\/\\\/www.betting.ca\\\/fr\\\/pari-mobile\\\/pari-android\",\"name\":\"Sites de paris Android : liste des sites de paris Android en argent r\u00e9el\",\"isPartOf\":{\"@id\":\"https:\\\/\\\/www.betting.ca\\\/fr\\\/#website\"},\"primaryImageOfPage\":{\"@id\":\"https:\\\/\\\/www.betting.ca\\\/fr\\\/pari-mobile\\\/pari-android#primaryimage\"},\"image\":{\"@id\":\"https:\\\/\\\/www.betting.ca\\\/fr\\\/pari-mobile\\\/pari-android#primaryimage\"},\"thumbnailUrl\":\"https:\\\/\\\/www.betting.ca\\\/wp-content\\\/uploads\\\/2013\\\/08\\\/canadian-android-sportsbooks.jpg\",\"datePublished\":\"2019-05-14T16:34:43+00:00\",\"description\":\"Trouvez une liste de sites de paris d'argent r\u00e9el et des applications et dirigez-vous vers quelques-uns des meilleurs sites de pari mobile compatible avec Android.\",\"breadcrumb\":{\"@id\":\"https:\\\/\\\/www.betting.ca\\\/fr\\\/pari-mobile\\\/pari-android#breadcrumb\"},\"inLanguage\":\"fr-CA\",\"potentialAction\":[{\"@type\":\"ReadAction\",\"target\":[\"https:\\\/\\\/www.betting.ca\\\/fr\\\/pari-mobile\\\/pari-android\"]}]},{\"@type\":\"ImageObject\",\"inLanguage\":\"fr-CA\",\"@id\":\"https:\\\/\\\/www.betting.ca\\\/fr\\\/pari-mobile\\\/pari-android#primaryimage\",\"url\":\"https:\\\/\\\/www.betting.ca\\\/images\\\/reviews\\\/betonline-logo.png\",\"contentUrl\":\"https:\\\/\\\/www.betting.ca\\\/images\\\/reviews\\\/betonline-logo.png\"},{\"@type\":\"BreadcrumbList\",\"@id\":\"https:\\\/\\\/www.betting.ca\\\/fr\\\/pari-mobile\\\/pari-android#breadcrumb\",\"itemListElement\":[{\"@type\":\"ListItem\",\"position\":1,\"name\":\"Home\",\"item\":\"https:\\\/\\\/www.betting.ca\\\/fr\\\/\"},{\"@type\":\"ListItem\",\"position\":2,\"name\":\"Sites mobiles de paris et meilleures applications de paris\",\"item\":\"https:\\\/\\\/www.betting.ca\\\/fr\\\/pari-mobile\"},{\"@type\":\"ListItem\",\"position\":3,\"name\":\"Pari Android\"}]},{\"@type\":\"WebSite\",\"@id\":\"https:\\\/\\\/www.betting.ca\\\/fr\\\/#website\",\"url\":\"https:\\\/\\\/www.betting.ca\\\/fr\\\/\",\"name\":\"Betting.ca FR\",\"description\":\"\",\"potentialAction\":[{\"@type\":\"SearchAction\",\"target\":{\"@type\":\"EntryPoint\",\"urlTemplate\":\"https:\\\/\\\/www.betting.ca\\\/fr\\\/?s={search_term_string}\"},\"query-input\":{\"@type\":\"PropertyValueSpecification\",\"valueRequired\":true,\"valueName\":\"search_term_string\"}}],\"inLanguage\":\"fr-CA\"}]}<\/script>\n<!-- \/ Yoast SEO plugin. -->","yoast_head_json":{"title":"Sites de paris Android : liste des sites de paris Android en argent r\u00e9el","description":"Trouvez une liste de sites de paris d'argent r\u00e9el et des applications et dirigez-vous vers quelques-uns des meilleurs sites de pari mobile compatible avec Android.","robots":{"index":"index","follow":"follow","max-snippet":"max-snippet:-1","max-image-preview":"max-image-preview:large","max-video-preview":"max-video-preview:-1"},"canonical":"https:\/\/www.betting.ca\/fr\/pari-mobile\/pari-android","og_locale":"fr_CA","og_type":"article","og_title":"Sites de paris Android : liste des sites de paris Android en argent r\u00e9el","og_description":"Trouvez une liste de sites de paris d'argent r\u00e9el et des applications et dirigez-vous vers quelques-uns des meilleurs sites de pari mobile compatible avec Android.","og_url":"https:\/\/www.betting.ca\/fr\/pari-mobile\/pari-android","og_site_name":"Betting.ca FR","og_image":[{"url":"https:\/\/www.betting.ca\/images\/reviews\/betonline-logo.png","type":"","width":"","height":""}],"twitter_card":"summary_large_image","twitter_misc":{"Estimation du temps de lecture":"4 minutes"},"schema":{"@context":"https:\/\/schema.org","@graph":[{"@type":"WebPage","@id":"https:\/\/www.betting.ca\/fr\/pari-mobile\/pari-android","url":"https:\/\/www.betting.ca\/fr\/pari-mobile\/pari-android","name":"Sites de paris Android : liste des sites de paris Android en argent r\u00e9el","isPartOf":{"@id":"https:\/\/www.betting.ca\/fr\/#website"},"primaryImageOfPage":{"@id":"https:\/\/www.betting.ca\/fr\/pari-mobile\/pari-android#primaryimage"},"image":{"@id":"https:\/\/www.betting.ca\/fr\/pari-mobile\/pari-android#primaryimage"},"thumbnailUrl":"https:\/\/www.betting.ca\/wp-content\/uploads\/2013\/08\/canadian-android-sportsbooks.jpg","datePublished":"2019-05-14T16:34:43+00:00","description":"Trouvez une liste de sites de paris d'argent r\u00e9el et des applications et dirigez-vous vers quelques-uns des meilleurs sites de pari mobile compatible avec Android.","breadcrumb":{"@id":"https:\/\/www.betting.ca\/fr\/pari-mobile\/pari-android#breadcrumb"},"inLanguage":"fr-CA","potentialAction":[{"@type":"ReadAction","target":["https:\/\/www.betting.ca\/fr\/pari-mobile\/pari-android"]}]},{"@type":"ImageObject","inLanguage":"fr-CA","@id":"https:\/\/www.betting.ca\/fr\/pari-mobile\/pari-android#primaryimage","url":"https:\/\/www.betting.ca\/images\/reviews\/betonline-logo.png","contentUrl":"https:\/\/www.betting.ca\/images\/reviews\/betonline-logo.png"},{"@type":"BreadcrumbList","@id":"https:\/\/www.betting.ca\/fr\/pari-mobile\/pari-android#breadcrumb","itemListElement":[{"@type":"ListItem","position":1,"name":"Home","item":"https:\/\/www.betting.ca\/fr\/"},{"@type":"ListItem","position":2,"name":"Sites mobiles de paris et meilleures applications de paris","item":"https:\/\/www.betting.ca\/fr\/pari-mobile"},{"@type":"ListItem","position":3,"name":"Pari Android"}]},{"@type":"WebSite","@id":"https:\/\/www.betting.ca\/fr\/#website","url":"https:\/\/www.betting.ca\/fr\/","name":"Betting.ca FR","description":"","potentialAction":[{"@type":"SearchAction","target":{"@type":"EntryPoint","urlTemplate":"https:\/\/www.betting.ca\/fr\/?s={search_term_string}"},"query-input":{"@type":"PropertyValueSpecification","valueRequired":true,"valueName":"search_term_string"}}],"inLanguage":"fr-CA"}]}},"_links":{"self":[{"href":"https:\/\/www.betting.ca\/fr\/wp-json\/wp\/v2\/pages\/65","targetHints":{"allow":["GET"]}}],"collection":[{"href":"https:\/\/www.betting.ca\/fr\/wp-json\/wp\/v2\/pages"}],"about":[{"href":"https:\/\/www.betting.ca\/fr\/wp-json\/wp\/v2\/types\/page"}],"author":[{"embeddable":true,"href":"https:\/\/www.betting.ca\/fr\/wp-json\/wp\/v2\/users\/2"}],"replies":[{"embeddable":true,"href":"https:\/\/www.betting.ca\/fr\/wp-json\/wp\/v2\/comments?post=65"}],"version-history":[{"count":0,"href":"https:\/\/www.betting.ca\/fr\/wp-json\/wp\/v2\/pages\/65\/revisions"}],"up":[{"embeddable":true,"href":"https:\/\/www.betting.ca\/fr\/wp-json\/wp\/v2\/pages\/16"}],"wp:attachment":[{"href":"https:\/\/www.betting.ca\/fr\/wp-json\/wp\/v2\/media?parent=65"}],"curies":[{"name":"wp","href":"https:\/\/api.w.org\/{rel}","templated":true}]}}