{"id":5,"date":"2019-04-08T17:06:53","date_gmt":"2019-04-08T17:06:53","guid":{"rendered":"https:\/\/www.betting.ca\/fr\/?page_id=5"},"modified":"2022-04-06T16:39:06","modified_gmt":"2022-04-06T20:39:06","slug":"home","status":"publish","type":"page","link":"https:\/\/www.betting.ca\/fr\/","title":{"rendered":"Bienvenue sur le Guide de paris sportifs no.1 au Canada"},"content":{"rendered":"<p><img loading=\"lazy\" decoding=\"async\" class=\"canadaseal alignright wp-image-691 size-full\" src=\"\/images\/misc\/canada-seal.png\" alt=\"Betting ca Logo\" width=\"200\" height=\"165\" \/><\/p>\n<p>Bienvenue sur Betting.ca, un site de paris sportifs en ligne canadien se sp\u00e9cialisant dans la pr\u00e9sentation des derni\u00e8res nouvelles sur les paris sportifs et de pr\u00e9cieux renseignements sur les paris sportifs pour les r\u00e9sidents du Canada. Betting.ca est un site de paris sportifs pour les Canadiens qui ont un penchant pour les paris sur des \u00e9v\u00e9nements sportifs locaux, nationaux et internationaux qui sont toujours en qu\u00eate de pr\u00e9cieux renseignements sur les paris sportifs.<\/p>\n<p>Si vous \u00eates un r\u00e9sident du Canada, Betting.ca peut vous aider \u00e0 trouver ce qui suit<\/p>\n<ul class=\"list-tick-green\">\n<li>Trouver le <a href=\"https:\/\/www.betting.ca\/fr\/10-meilleurs-sites-paris\">meilleur site canadien<\/a> qui accepte les dollars canadie<\/li>\n<li><a href=\"https:\/\/www.betting.ca\/betting-news\">Les derni\u00e8res nouvelles de paris sportifs<\/a> et guides<\/li>\n<li>Liste des <a href=\"https:\/\/www.betting.ca\/fr\/paris-gratuits\">meilleurs bonis de paris sportifs et paris gratuits<\/a><\/li>\n<\/ul>\n<div style=\"text-align: center;\"><img loading=\"lazy\" decoding=\"async\" class=\"aligncenter wp-image-692 size-full\" src=\"\/images\/banners\/banner.jpg\" alt=\"Betting.ca Bonus banner\" width=\"830\" height=\"127\" \/><\/div>\n<h2 id=\"nos-preneurs-aux-livres-les-plus-recommandes\">Nos preneurs aux livres les plus recommand\u00e9s:<\/h2>\n<p>Nous avons n\u00e9goci\u00e9 les PLUS GROS bonis exclusivement pour nos joueurs canadiens!<\/p>\n<div class=\"brand-table\" id=\"ca-sportsbooks\">\n<div class=\"item\">\n<div class=\"rank\">#1<\/div>\n<a class=\"logo\" href=\"https:\/\/www.betting.ca\/fr\/revue\/betway\" style=\"background-color:\">\n<img decoding=\"async\" src=\"https:\/\/www.betting.ca\/images\/reviews\/betway-logo.png\" alt=\"Betway\">\n<\/a>\n<div class=\"info\">\n<div class=\"content\">\n<div class=\"rating\">\n<span class=\"head\">Rating<\/span>\n<ul>\n<li><i class=\"star full\"><\/i><\/li>\n<li><i class=\"star full\"><\/i><\/li>\n<li><i class=\"star full\"><\/i><\/li>\n<li><i class=\"star full\"><\/i><\/li>\n<li><i class=\"star full\"><\/i><\/li>\n<\/ul>\n<span class=\"score\">5<\/span>\n<\/div>\n<div class=\"bonus\">\n<span class=\"head\">Bonus v\u00e9rifi\u00e9<\/span>\n<span class=\"offer\">2000 CAD<i class=\"country-flag ca\"><\/i><\/span>\n<\/div>\n<\/div>\n<div class=\"features\">\n<ul>\n<li class=\"player-accepted\">Autoris\u00e9 au Canada<\/li>\n<\/ul>\n<\/div>\n<\/div>\n<div class=\"buttons\">\n<a href=\"\/go\/betway\" class=\"button cta\">Obtenez un Bonus<\/a>\n<a class=\"desktop-tooltip tooltip-bottom\" href=\"https:\/\/www.betting.ca\/fr\/revue\/betway\">Lire la revue<\/a>\n<\/div>\n<\/div>\n<div class=\"item\">\n<div class=\"rank\">#2<\/div>\n<a class=\"logo\" href=\"https:\/\/www.betting.ca\/fr\/revue\/sports-interaction\" style=\"background-color:\">\n<img decoding=\"async\" src=\"https:\/\/www.betting.ca\/images\/reviews\/sports-interaction-logo.png\" alt=\"Sports Interaction\">\n<\/a>\n<div class=\"info\">\n<div class=\"content\">\n<div class=\"rating\">\n<span class=\"head\">Rating<\/span>\n<ul>\n<li><i class=\"star full\"><\/i><\/li>\n<li><i class=\"star full\"><\/i><\/li>\n<li><i class=\"star full\"><\/i><\/li>\n<li><i class=\"star full\"><\/i><\/li>\n<li><i class=\"star half\"><\/i><\/li>\n<\/ul>\n<span class=\"score\">4.9<\/span>\n<\/div>\n<div class=\"bonus\">\n<span class=\"head\">Bonus v\u00e9rifi\u00e9<\/span>\n<span class=\"offer\">CAD 125<i class=\"country-flag ca\"><\/i><\/span>\n<\/div>\n<\/div>\n<div class=\"features\">\n<ul>\n<li class=\"player-accepted\">Autoris\u00e9 au Canada<\/li>\n<\/ul>\n<\/div>\n<\/div>\n<div class=\"buttons\">\n<a href=\"\/go\/sports-interaction\" class=\"button cta\">Obtenez un Bonus<\/a>\n<a class=\"desktop-tooltip tooltip-bottom\" href=\"https:\/\/www.betting.ca\/fr\/revue\/sports-interaction\">Lire la revue<\/a>\n<\/div>\n<\/div>\n<div class=\"item\">\n<div class=\"rank\">#3<\/div>\n<a class=\"logo\" href=\"https:\/\/www.betting.ca\/fr\/revue\/bet365\" style=\"background-color:\">\n<img decoding=\"async\" src=\"https:\/\/www.betting.ca\/images\/reviews\/bet365-logo.png\" alt=\"Bet365\">\n<\/a>\n<div class=\"info\">\n<div class=\"content\">\n<div class=\"rating\">\n<span class=\"head\">Rating<\/span>\n<ul>\n<li><i class=\"star full\"><\/i><\/li>\n<li><i class=\"star full\"><\/i><\/li>\n<li><i class=\"star full\"><\/i><\/li>\n<li><i class=\"star full\"><\/i><\/li>\n<li><i class=\"star half\"><\/i><\/li>\n<\/ul>\n<span class=\"score\">4.8<\/span>\n<\/div>\n<div class=\"bonus\">\n<span class=\"head\">Bonus v\u00e9rifi\u00e9<\/span>\n<span class=\"offer\">CAD 200<i class=\"country-flag ca\"><\/i><\/span>\n<\/div>\n<\/div>\n<div class=\"features\">\n<ul>\n<li class=\"player-accepted\">Autoris\u00e9 au Canada<\/li>\n<\/ul>\n<\/div>\n<\/div>\n<div class=\"buttons\">\n<a href=\"\/go\/bet365\" class=\"button cta\">Obtenez un Bonus<\/a>\n<a class=\"desktop-tooltip tooltip-bottom\" href=\"https:\/\/www.betting.ca\/fr\/revue\/bet365\">Lire la revue<\/a>\n<\/div>\n<\/div>\n<div class=\"item\">\n<div class=\"rank\">#4<\/div>\n<a class=\"logo\" href=\"https:\/\/www.betting.ca\/fr\/revue\/spin-sports\" style=\"background-color:\">\n<img decoding=\"async\" src=\"https:\/\/www.betting.ca\/images\/reviews\/spin-sports-logo.png\" alt=\"Spin Sports\">\n<\/a>\n<div class=\"info\">\n<div class=\"content\">\n<div class=\"rating\">\n<span class=\"head\">Rating<\/span>\n<ul>\n<li><i class=\"star full\"><\/i><\/li>\n<li><i class=\"star full\"><\/i><\/li>\n<li><i class=\"star full\"><\/i><\/li>\n<li><i class=\"star full\"><\/i><\/li>\n<li><i class=\"star half\"><\/i><\/li>\n<\/ul>\n<span class=\"score\">4.3<\/span>\n<\/div>\n<div class=\"bonus\">\n<span class=\"head\">Bonus v\u00e9rifi\u00e9<\/span>\n<span class=\"offer\">CAD 200<i class=\"country-flag ca\"><\/i><\/span>\n<\/div>\n<\/div>\n<div class=\"features\">\n<ul>\n<li class=\"player-accepted\">Autoris\u00e9 au Canada<\/li>\n<\/ul>\n<\/div>\n<\/div>\n<div class=\"buttons\">\n<a href=\"\/go\/spin-sports\" class=\"button cta\">Obtenez un Bonus<\/a>\n<a class=\"desktop-tooltip tooltip-bottom\" href=\"https:\/\/www.betting.ca\/fr\/revue\/spin-sports\">Lire la revue<\/a>\n<\/div>\n<\/div>\n<div class=\"item\">\n<div class=\"rank\">#5<\/div>\n<a class=\"logo\" href=\"https:\/\/www.betting.ca\/fr\/revue\/bodog\" style=\"background-color:\">\n<img decoding=\"async\" src=\"https:\/\/www.betting.ca\/images\/reviews\/bodog-logo.png\" alt=\"Bodog\">\n<\/a>\n<div class=\"info\">\n<div class=\"content\">\n<div class=\"rating\">\n<span class=\"head\">Rating<\/span>\n<ul>\n<li><i class=\"star full\"><\/i><\/li>\n<li><i class=\"star full\"><\/i><\/li>\n<li><i class=\"star full\"><\/i><\/li>\n<li><i class=\"star full\"><\/i><\/li>\n<li><i class=\"star half\"><\/i><\/li>\n<\/ul>\n<span class=\"score\">4.2<\/span>\n<\/div>\n<div class=\"bonus\">\n<span class=\"head\">Bonus v\u00e9rifi\u00e9<\/span>\n<span class=\"offer\">CAD 200<i class=\"country-flag ca\"><\/i><\/span>\n<\/div>\n<\/div>\n<div class=\"features\">\n<ul>\n<li class=\"player-accepted\">Autoris\u00e9 au Canada<\/li>\n<\/ul>\n<\/div>\n<\/div>\n<div class=\"buttons\">\n<a href=\"\/go\/bodog\" class=\"button cta\">Obtenez un Bonus<\/a>\n<a class=\"desktop-tooltip tooltip-bottom\" href=\"https:\/\/www.betting.ca\/fr\/revue\/bodog\">Lire la revue<\/a>\n<\/div>\n<\/div>\n<div class=\"item\">\n<div class=\"rank\">#6<\/div>\n<a class=\"logo\" href=\"https:\/\/www.betting.ca\/fr\/revue\/betonline\" style=\"background-color:\">\n<img decoding=\"async\" src=\"https:\/\/www.betting.ca\/images\/reviews\/betonline-logo.png\" alt=\"BetOnline\">\n<\/a>\n<div class=\"info\">\n<div class=\"content\">\n<div class=\"rating\">\n<span class=\"head\">Rating<\/span>\n<ul>\n<li><i class=\"star full\"><\/i><\/li>\n<li><i class=\"star full\"><\/i><\/li>\n<li><i class=\"star full\"><\/i><\/li>\n<li><i class=\"star half\"><\/i><\/li>\n<li><i class=\"star empty\"><\/i><\/li>\n<\/ul>\n<span class=\"score\">3.9<\/span>\n<\/div>\n<div class=\"bonus\">\n<span class=\"head\">Bonus v\u00e9rifi\u00e9<\/span>\n<span class=\"offer\">CAD 2500<i class=\"country-flag ca\"><\/i><\/span>\n<\/div>\n<\/div>\n<div class=\"features\">\n<ul>\n<li class=\"player-accepted\">Autoris\u00e9 au Canada<\/li>\n<\/ul>\n<\/div>\n<\/div>\n<div class=\"buttons\">\n<a href=\"\/go\/betonline\" class=\"button cta\">Obtenez un Bonus<\/a>\n<a class=\"desktop-tooltip tooltip-bottom\" href=\"https:\/\/www.betting.ca\/fr\/revue\/betonline\">Lire la revue<\/a>\n<\/div>\n<\/div>\n<\/div>\n<div class=\"types-casinos-nav\">\n            \t<h2>Des Sports<\/h2>\n            \t<ul>\n            \t<li><a href=\"https:\/\/www.betting.ca\/fr\/paris-football-americain\"><span class=\"icon football\"><\/span>Football<\/a><\/li>\n            \t<li><a href=\"https:\/\/www.betting.ca\/fr\/paris-basketball\"><span class=\"icon basketball\"><\/span>Basketball<\/a><\/li>\n            \t<li><a href=\"https:\/\/www.betting.ca\/fr\/paris-hockey\"><span class=\"icon icehockey\"><\/span>Ice Hockey<\/a><\/li>\n            \t<li><a href=\"https:\/\/www.betting.ca\/fr\/paris-courses-chevaux\"><span class=\"icon horseracing\"><\/span>Course Chevaux<\/a><\/li>\n            \t<li><a href=\"https:\/\/www.betting.ca\/fr\/paris-baseball\"><span class=\"icon baseball\"><\/span>Baseball<\/a><\/li>\n            \t<li><a href=\"https:\/\/www.betting.ca\/fr\/paris-football\"><span class=\"icon soccer\"><\/span>Soccer<\/a><\/li>\n            \t<li><a href=\"https:\/\/www.betting.ca\/fr\/paris-mma\"><span class=\"icon mmaufc\"><\/span>MMA\/UFC<\/a><\/li>\n            \t<li><a href=\"https:\/\/www.betting.ca\/fr\/paris-tennis\"><span class=\"icon tennis\"><\/span>Tennis<\/a><\/li>\n            \t<li><a href=\"https:\/\/www.betting.ca\/fr\/paris-golf\"><span class=\"icon golf\"><\/span>Golf<\/a><\/li>\n            \t<li><a href=\"https:\/\/www.betting.ca\/fr\/paris-en-jeu\"><span class=\"icon esports\"><\/span>En Jeu<\/a><\/li>\n            \t<\/ul>\n            \t<\/div>\n<h3 id=\"trouvez-des-preneurs-aux-livres-canadiens-autorises\"><strong>Trouvez des preneurs aux livres canadiens autoris\u00e9s <\/strong><\/h3>\n<p>Betting.ca se concentre sur l&rsquo;identification et l&rsquo;examen des meilleurs preneurs aux livres en ligne qui acceptent les joueurs canadiens et leur permettent de parier en dollars canadiens. Dans une section de notre site Web intitul\u00e9e \u00ab\u00a0<em>Les 10 meilleurs choix<\/em>\u00ab\u00a0, nous avons pr\u00e9sent\u00e9 une liste des 10 meilleurs sites de paris sportifs en ligne o\u00f9 les joueurs canadiens peuvent s&rsquo;enregistrer l\u00e9galement et parier en dollars canadiens.<\/p>\n<p>Nous vous recommandons vivement de lire les \u00e9valuations sur Betting.ca et de s\u00e9lectionner un preneur aux livres en ligne canadien qui r\u00e9pond le mieux \u00e0 vos exigences. En pr\u00e9sentant une liste des meilleurs preneurs aux livres en ligne canadiens, nous vous avons \u00e9pargn\u00e9 le dur labeur de recherche de sites de paris sportifs par vous-m\u00eame. Nous vous avons \u00e9galement \u00e9vit\u00e9 de devenir la proie de sites malveillants qui visent \u00e0 tromper les joueurs.<\/p>\n<p><strong>Voici certaines des caract\u00e9ristiques des preneurs aux livres en ligne que nous vous recommandons :<\/strong><\/p>\n<p><img decoding=\"async\" style=\"float: left; margin: 0 10px 10px 0;\" src=\"\/images\/icons\/icon-1.png\" alt=\"\" \/><strong>Jouer en dollars canadiens:<\/strong> Les preneurs aux livres en ligne que nous vous recommandons respectent les meilleurs standards de l\u2019industrie, ce qui rend les inscriptions s\u00e9curitaires pour les r\u00e9sidents canadiens. Puisque vous pouvez effectuer des d\u00e9p\u00f4ts et parier en dollars canadiens chez ces preneurs aux livres en ligne, vous \u00e9conomiserez une fortune en frais de conversion de devises \u00e9trang\u00e8res<\/p>\n<p><img decoding=\"async\" style=\"float: left; margin: 0 10px 10px 0;\" src=\"\/images\/icons\/icon-2.png\" alt=\"\" \/><strong>S\u00fbr et s\u00e9curis\u00e9:<\/strong> Puisque nous recommandons seulement des preneurs aux livres en ligne autoris\u00e9s qui appartiennent \u00e0 des entreprises r\u00e9put\u00e9es et exp\u00e9riment\u00e9es, les joueurs peuvent \u00eatre assur\u00e9s d&rsquo;un environnement s\u00fbr et s\u00e9curis\u00e9 pour le jeu.<\/p>\n<p><img decoding=\"async\" style=\"float: left; margin: 0 10px 10px 0;\" src=\"\/images\/icons\/icon-3.png\" alt=\"\" \/><strong>Jouez en d\u00e9placement:<\/strong> La plupart des preneurs aux livres en ligne dans notre liste offrent des services de paris en direct, jumelant les plaisirs de regarder des \u00e9v\u00e9nements sportifs et de placer des paris dessus alors que l&rsquo;action se d\u00e9roule. Si vous n&rsquo;avez jamais plac\u00e9 de paris en direct avant, vous n&rsquo;avez qu&rsquo;\u00e0 consulter nos guides de paris en direct, qui pr\u00e9sentent des instructions \u00e9tape par \u00e9tape sur la fa\u00e7on de placer des paris en direct.<\/p>\n<p><img decoding=\"async\" style=\"float: left; margin: 0 10px 10px 0;\" src=\"\/images\/icons\/icon-4.png\" alt=\"\" \/><strong>Apprenez-en davantage sur les paris en direct: <\/strong> La plupart des preneurs aux livres en ligne dans notre liste offrent des services de paris en direct, jumelant les plaisirs de regarder des \u00e9v\u00e9nements sportifs et de placer des paris dessus alors que l&rsquo;action se d\u00e9roule. Si vous n&rsquo;avez jamais plac\u00e9 de paris en direct avant, vous n&rsquo;avez qu&rsquo;\u00e0 consulter nos guides de paris en direct, qui pr\u00e9sentent des instructions \u00e9tape par \u00e9tape sur la fa\u00e7on de placer des paris en direct.<\/p>\n<p><img decoding=\"async\" style=\"float: left; margin: 0 10px 10px 0;\" src=\"\/images\/icons\/icon-5.png\" alt=\"\" \/><strong>M\u00e9thodes bancai:<\/strong> Les options bancaires offertes dans nos casinos en ligne recommand\u00e9s sont s\u00fbrs, s\u00e9curitaires, et pratiques pour les joueurs canadiens. Vous pouvez charger votre compte en utilisant PayPal, des cartes de cr\u00e9dit\/d\u00e9bit, des cartes pr\u00e9pay\u00e9es, des services de portefeuilles \u00e9lectroniques, Neteller, les cryptomonnaies comme le bitcoin, et plusieurs autres. La plupart des options de d\u00e9p\u00f4t servent \u00e9galement d&rsquo;excellentes options de retrait, vous permettant de retirer vos gains rapidement et en toute s\u00e9curit\u00e9.<\/p>\n<h3 id=\"obtenez-de-precieux-renseignements-sur-les-paris-sportifs\"><strong>Obtenez de pr\u00e9cieux renseignements sur les paris sportifs <\/strong><\/h3>\n<p>Il existe plusieurs diff\u00e9rences entre les paris sportifs et les jeux de casino. Vous allez gagner aux machines \u00e0 sous ou \u00e0 la roulette seulement si vous \u00eates chanceux. Mais dans le cas des paris sportifs, vous ne pouvez pas simplement placer des paris en vous en remettant \u00e0 votre instinct. Si vous voulez faire un profit, vous devez \u00e9tudier soigneusement la situation sur le terrain, consulter les profils des joueurs, obtenir les derni\u00e8res s\u00e9lections sportives, \u00e9tudier les conditions m\u00e9t\u00e9orologiques, comprendre l\u2019historique de la performance de l&rsquo;\u00e9quipe, lire les derni\u00e8res nouvelles sportives, et ainsi de suite avant de placer un pari.<\/p>\n<p>C&rsquo;est l\u00e0 que les sections de nouvelles et de blogues de Betting.ca pourront vous aider.<\/p>\n<p><strong>Nouvelle <\/strong>&#8211; Obtenez les derni\u00e8res nouvelles sur les paris sportifs du bout des doigts sur Betting.ca. Nous publions les plus r\u00e9centes et les plus importantes nouvelles sur les paris sportifs dans notre section \u00ab\u00a0<em>Nouvelles<\/em>\u00ab\u00a0. Nous vous recommandons vivement de lire les nouvelles sur les paris sportifs r\u00e9guli\u00e8rement afin de pouvoir prendre des d\u00e9cisions \u00e9clair\u00e9es tout en pla\u00e7ant des paris aupr\u00e8s des preneurs aux livres en ligne que nous recommandons. Un parieur sportif ne peut tout simplement pas se permettre de placer des paris tant qu&rsquo;il n\u2019est pas \u00e0 jour sur les derniers \u00e9v\u00e9nements dans le monde du sport.<\/p>\n<p><strong>Blogue<\/strong> &#8211; Notre blogue est une mine d&rsquo;informations pr\u00e9cieuses concernant les paris sportifs, les astuces de paris sportifs, les plus r\u00e9centes s\u00e9lections, et d&rsquo;autres renseignements sur les paris sportifs qui peuvent aider les parieurs sportifs canadiens.<\/p>\n<h3 id=\"saisissez-les-paris-gratuits-et-les-bonis\"><strong>Saisissez les paris gratuits et les bonis <\/strong><\/h3>\n<p>Les preneurs aux livres en ligne doivent beaucoup de leur popularit\u00e9 aux bonis et paris gratuits qu&rsquo;ils offrent. Les bonis ont comme double objectif d&rsquo;attirer de nouveaux joueurs vers les preneurs aux livres en ligne, tout en procurant aux joueurs existants un incitatif \u00e0 poursuivre leur utilisation des services de preneurs aux livres en ligne. Par cons\u00e9quent, les nouveaux joueurs ainsi que les joueurs existants sont continuellement \u00e0 la recherche de renseignements sur les bonis.<\/p>\n<p>Chez Betting.ca, nous nous faisons un point d&rsquo;honneur d\u2019offrir les renseignements les plus r\u00e9cents sur les plus gros et les meilleurs paris gratuits et bonis. Si vous \u00eates \u00e0 la recherche des renseignements les plus r\u00e9cents sur les bonis, Betting.ca est le meilleur site pour vous. Par la m\u00eame occasion, nous tenons \u00e0 vous pr\u00e9venir que les bonis et paris gratuits offerts par les preneurs de livres en ligne sont \u00e9galement associ\u00e9s \u00e0 des conditions d\u2019utilisation. Afin d&rsquo;\u00e9viter toute d\u00e9ception dans le futur, vous devez lire attentivement les conditions d\u2019utilisation et accepter le boni seulement apr\u00e8s les avoir comprises.<\/p>\n<p>Nous tenons \u00e9galement \u00e0 souligner que les plus gros bonis des preneurs aux livres en ligne ne sont pas n\u00e9cessairement les meilleurs. Certains preneurs aux livres malhonn\u00eates offrent de gros bonis seulement pour attirer les joueurs et les tromper. Nous vous mettons en garde contre ces preneurs aux livres parce qu&rsquo;ils peuvent dispara\u00eetre de la nature sans payer vos gains.<\/p>\n<p>Si vous \u00eates un r\u00e9sident du Canada, acceptez seulement des bonis \u00e0 partir des preneurs aux livres en ligne que nous vous recommandons, parce que nous avons soigneusement \u00e9tudi\u00e9 ces preneurs aux livres et nous nous sommes assur\u00e9 qu&rsquo;ils sont en effet s\u00fbrs, s\u00e9curitaires et autoris\u00e9s.<\/p>\n<p>Inscrivez-vous d\u00e8s maintenant, obtenez votre pari gratuit ou votre boni, et commencez \u00e0 parier sur vos \u00e9v\u00e9nements sportifs pr\u00e9f\u00e9r\u00e9s.<\/p>\n","protected":false},"excerpt":{"rendered":"Bienvenue sur Betting.ca, un site de paris sportifs en ligne canadien se sp\u00e9cialisant dans la pr\u00e9sentation des derni\u00e8res nouvelles sur les paris sportifs et de pr\u00e9cieux renseignements sur les paris sportifs pour les r\u00e9sidents du Canada. Betting.ca est un site de paris sportifs pour les Canadiens qui ont un penchant pour les paris sur des [&hellip;]","protected":false},"author":2,"featured_media":0,"parent":0,"menu_order":0,"comment_status":"closed","ping_status":"closed","template":"index.php","meta":{"_acf_changed":false,"footnotes":""},"class_list":["post-5","page","type-page","status-publish","hentry"],"acf":[],"yoast_head":"<!-- This site is optimized with the Yoast SEO plugin v27.3 - https:\/\/yoast.com\/product\/yoast-seo-wordpress\/ -->\n<title>Betting.ca : No.1 au Canada Meilleur portail de paris sportifs en ligne<\/title>\n<meta name=\"description\" content=\"Betting.ca est le meilleur portail de paris sportifs en ligne pour les joueurs canadiens \u00e0 la recherche des tout derniers renseignements sur les paris sportifs et sur les meilleurs sites de preneurs aux livres.\" \/>\n<meta name=\"robots\" content=\"index, follow, max-snippet:-1, max-image-preview:large, max-video-preview:-1\" \/>\n<link rel=\"canonical\" href=\"https:\/\/www.betting.ca\/fr\/\" \/>\n<meta property=\"og:locale\" content=\"fr_CA\" \/>\n<meta property=\"og:type\" content=\"article\" \/>\n<meta property=\"og:title\" content=\"Betting.ca : No.1 au Canada Meilleur portail de paris sportifs en ligne\" \/>\n<meta property=\"og:description\" content=\"Betting.ca est le meilleur portail de paris sportifs en ligne pour les joueurs canadiens \u00e0 la recherche des tout derniers renseignements sur les paris sportifs et sur les meilleurs sites de preneurs aux livres.\" \/>\n<meta property=\"og:url\" content=\"https:\/\/www.betting.ca\/fr\/\" \/>\n<meta property=\"og:site_name\" content=\"Betting.ca FR\" \/>\n<meta property=\"article:modified_time\" content=\"2022-04-06T20:39:06+00:00\" \/>\n<meta name=\"twitter:card\" content=\"summary_large_image\" \/>\n<meta name=\"twitter:label1\" content=\"Estimation du temps de lecture\" \/>\n\t<meta name=\"twitter:data1\" content=\"6 minutes\" \/>\n<script type=\"application\/ld+json\" class=\"yoast-schema-graph\">{\"@context\":\"https:\\\/\\\/schema.org\",\"@graph\":[{\"@type\":\"WebPage\",\"@id\":\"https:\\\/\\\/www.betting.ca\\\/fr\\\/\",\"url\":\"https:\\\/\\\/www.betting.ca\\\/fr\\\/\",\"name\":\"Betting.ca : No.1 au Canada Meilleur portail de paris sportifs en ligne\",\"isPartOf\":{\"@id\":\"https:\\\/\\\/www.betting.ca\\\/fr\\\/#website\"},\"datePublished\":\"2019-04-08T17:06:53+00:00\",\"dateModified\":\"2022-04-06T20:39:06+00:00\",\"description\":\"Betting.ca est le meilleur portail de paris sportifs en ligne pour les joueurs canadiens \u00e0 la recherche des tout derniers renseignements sur les paris sportifs et sur les meilleurs sites de preneurs aux livres.\",\"breadcrumb\":{\"@id\":\"https:\\\/\\\/www.betting.ca\\\/fr\\\/#breadcrumb\"},\"inLanguage\":\"fr-CA\",\"potentialAction\":[{\"@type\":\"ReadAction\",\"target\":[\"https:\\\/\\\/www.betting.ca\\\/fr\\\/\"]}]},{\"@type\":\"BreadcrumbList\",\"@id\":\"https:\\\/\\\/www.betting.ca\\\/fr\\\/#breadcrumb\",\"itemListElement\":[{\"@type\":\"ListItem\",\"position\":1,\"name\":\"Home\",\"item\":\"https:\\\/\\\/www.betting.ca\\\/fr\\\/\"},{\"@type\":\"ListItem\",\"position\":2,\"name\":\"Bienvenue sur le Guide de paris sportifs no.1 au Canada\"}]},{\"@type\":\"WebSite\",\"@id\":\"https:\\\/\\\/www.betting.ca\\\/fr\\\/#website\",\"url\":\"https:\\\/\\\/www.betting.ca\\\/fr\\\/\",\"name\":\"Betting.ca FR\",\"description\":\"\",\"potentialAction\":[{\"@type\":\"SearchAction\",\"target\":{\"@type\":\"EntryPoint\",\"urlTemplate\":\"https:\\\/\\\/www.betting.ca\\\/fr\\\/?s={search_term_string}\"},\"query-input\":{\"@type\":\"PropertyValueSpecification\",\"valueRequired\":true,\"valueName\":\"search_term_string\"}}],\"inLanguage\":\"fr-CA\"}]}<\/script>\n<!-- \/ Yoast SEO plugin. -->","yoast_head_json":{"title":"Betting.ca : No.1 au Canada Meilleur portail de paris sportifs en ligne","description":"Betting.ca est le meilleur portail de paris sportifs en ligne pour les joueurs canadiens \u00e0 la recherche des tout derniers renseignements sur les paris sportifs et sur les meilleurs sites de preneurs aux livres.","robots":{"index":"index","follow":"follow","max-snippet":"max-snippet:-1","max-image-preview":"max-image-preview:large","max-video-preview":"max-video-preview:-1"},"canonical":"https:\/\/www.betting.ca\/fr\/","og_locale":"fr_CA","og_type":"article","og_title":"Betting.ca : No.1 au Canada Meilleur portail de paris sportifs en ligne","og_description":"Betting.ca est le meilleur portail de paris sportifs en ligne pour les joueurs canadiens \u00e0 la recherche des tout derniers renseignements sur les paris sportifs et sur les meilleurs sites de preneurs aux livres.","og_url":"https:\/\/www.betting.ca\/fr\/","og_site_name":"Betting.ca FR","article_modified_time":"2022-04-06T20:39:06+00:00","twitter_card":"summary_large_image","twitter_misc":{"Estimation du temps de lecture":"6 minutes"},"schema":{"@context":"https:\/\/schema.org","@graph":[{"@type":"WebPage","@id":"https:\/\/www.betting.ca\/fr\/","url":"https:\/\/www.betting.ca\/fr\/","name":"Betting.ca : No.1 au Canada Meilleur portail de paris sportifs en ligne","isPartOf":{"@id":"https:\/\/www.betting.ca\/fr\/#website"},"datePublished":"2019-04-08T17:06:53+00:00","dateModified":"2022-04-06T20:39:06+00:00","description":"Betting.ca est le meilleur portail de paris sportifs en ligne pour les joueurs canadiens \u00e0 la recherche des tout derniers renseignements sur les paris sportifs et sur les meilleurs sites de preneurs aux livres.","breadcrumb":{"@id":"https:\/\/www.betting.ca\/fr\/#breadcrumb"},"inLanguage":"fr-CA","potentialAction":[{"@type":"ReadAction","target":["https:\/\/www.betting.ca\/fr\/"]}]},{"@type":"BreadcrumbList","@id":"https:\/\/www.betting.ca\/fr\/#breadcrumb","itemListElement":[{"@type":"ListItem","position":1,"name":"Home","item":"https:\/\/www.betting.ca\/fr\/"},{"@type":"ListItem","position":2,"name":"Bienvenue sur le Guide de paris sportifs no.1 au Canada"}]},{"@type":"WebSite","@id":"https:\/\/www.betting.ca\/fr\/#website","url":"https:\/\/www.betting.ca\/fr\/","name":"Betting.ca FR","description":"","potentialAction":[{"@type":"SearchAction","target":{"@type":"EntryPoint","urlTemplate":"https:\/\/www.betting.ca\/fr\/?s={search_term_string}"},"query-input":{"@type":"PropertyValueSpecification","valueRequired":true,"valueName":"search_term_string"}}],"inLanguage":"fr-CA"}]}},"_links":{"self":[{"href":"https:\/\/www.betting.ca\/fr\/wp-json\/wp\/v2\/pages\/5","targetHints":{"allow":["GET"]}}],"collection":[{"href":"https:\/\/www.betting.ca\/fr\/wp-json\/wp\/v2\/pages"}],"about":[{"href":"https:\/\/www.betting.ca\/fr\/wp-json\/wp\/v2\/types\/page"}],"author":[{"embeddable":true,"href":"https:\/\/www.betting.ca\/fr\/wp-json\/wp\/v2\/users\/2"}],"replies":[{"embeddable":true,"href":"https:\/\/www.betting.ca\/fr\/wp-json\/wp\/v2\/comments?post=5"}],"version-history":[{"count":0,"href":"https:\/\/www.betting.ca\/fr\/wp-json\/wp\/v2\/pages\/5\/revisions"}],"wp:attachment":[{"href":"https:\/\/www.betting.ca\/fr\/wp-json\/wp\/v2\/media?parent=5"}],"curies":[{"name":"wp","href":"https:\/\/api.w.org\/{rel}","templated":true}]}}